{"id":3811,"date":"2025-10-24T15:21:25","date_gmt":"2025-10-24T12:21:25","guid":{"rendered":"https:\/\/www.telemedicine.fi\/?post_type=product&#038;p=3811"},"modified":"2025-11-11T16:24:28","modified_gmt":"2025-11-11T14:24:28","slug":"seuran-30-vuotishistoriikki-30-vuotta-kehityksen-karjessa","status":"publish","type":"product","link":"https:\/\/www.telemedicine.fi\/en\/product\/seuran-30-vuotishistoriikki-30-vuotta-kehityksen-karjessa\/","title":{"rendered":"Seuran 30-vuotishistoriikki: 30 VUOTTA KEHITYKSEN K\u00c4RJESS\u00c4"},"content":{"rendered":"<p><strong>Kolmekymment\u00e4 vuotta digitaalisen terveyden edell\u00e4k\u00e4vijyytt\u00e4<\/strong><\/p>\n<p>Suomen telel\u00e4\u00e4ketieteen ja e-Health seuran t\u00e4ytt\u00e4ess\u00e4 30 vuotta on paikallaan katsastaa mennein\u00e4 vuosina tapahtunutta alan huikeaa kehityst\u00e4 ja seuran roolia sen tukemisessa. T\u00e4ss\u00e4 historiikissa k\u00e4yd\u00e4\u00e4n l\u00e4pi seuran toiminnan kosketuspintoja teknologisen kehityksen, alan yritysten, koulutuksen ja osaamisen sek\u00e4 tutkimuksen ja opetuksen kanssa. Samalla piirtyy monipuolinen kuva siit\u00e4, kuinka n\u00e4m\u00e4 alueet ovat muovanneet suomalaista terveydenhuoltoa telekonsultaatioiden ensiaskeleista teko\u00e4lyyn asti. Kirjoittajien moninaiset n\u00e4k\u00f6kulmat avaavat historian kerroksia ja tarjoavat lukijalle sek\u00e4 muistelua ett\u00e4 n\u00e4k\u00f6aloja tulevaan. Olitpa konkari tai uusi tulokas, t\u00e4m\u00e4 teos tarjoaa oivalluksia, inspiraatiota \u2013 ja kenties sys\u00e4yksen omalle digiterveyden matkalle.<\/p>\n<p>Lataa 30-vuotishistoriikki <strong>ilmaiseksi<\/strong> itsellesi:<\/p>\n<ol>\n<li>Lis\u00e4\u00e4 historiikki verkkokaupan ostoskoriin (ostoskorin summa 0\u20ac)<\/li>\n<li>Siirry kassalle ja t\u00e4yt\u00e4 s\u00e4hk\u00f6postiosoitteesi. Saatamme k\u00e4ytt\u00e4\u00e4 s\u00e4hk\u00f6postiosoitettasi l\u00e4hett\u00e4\u00e4ksemme sinulle ajankohtaista tietoa seuran toiminnasta. S\u00e4hk\u00f6postiosoitettasi ei jaeta kolmansille osapuolille.<\/li>\n<li>L\u00e4het\u00e4 tilaus<\/li>\n<li>Siirryt lataussivulle ja saat my\u00f6s latauslinkin s\u00e4hk\u00f6postiisi<\/li>\n<\/ol>","protected":false},"excerpt":{"rendered":"<p>Suomen telel\u00e4\u00e4ketieteen ja e-Health seuran t\u00e4ytt\u00e4ess\u00e4 30 vuotta on paikallaan katsastaa mennein\u00e4 vuosina tapahtunutta alan huikeaa kehityst\u00e4 ja seuran roolia sen tukemisessa.<\/p>","protected":false},"featured_media":3816,"template":"","meta":{"site-sidebar-layout":"default","site-content-layout":"","ast-site-content-layout":"default","site-content-style":"default","site-sidebar-style":"default","ast-global-header-display":"","ast-banner-title-visibility":"","ast-main-header-display":"","ast-hfb-above-header-display":"","ast-hfb-below-header-display":"","ast-hfb-mobile-header-display":"","site-post-title":"","ast-breadcrumbs-content":"","ast-featured-img":"","footer-sml-layout":"","ast-disable-related-posts":"","theme-transparent-header-meta":"default","adv-header-id-meta":"","stick-header-meta":"","header-above-stick-meta":"","header-main-stick-meta":"","header-below-stick-meta":"","astra-migrate-meta-layouts":"set","ast-page-background-enabled":"default","ast-page-background-meta":{"desktop":{"background-color":"","background-image":"","background-repeat":"repeat","background-position":"center center","background-size":"auto","background-attachment":"scroll","background-type":"","background-media":"","overlay-type":"","overlay-color":"","overlay-opacity":"","overlay-gradient":""},"tablet":{"background-color":"","background-image":"","background-repeat":"repeat","background-position":"center center","background-size":"auto","background-attachment":"scroll","background-type":"","background-media":"","overlay-type":"","overlay-color":"","overlay-opacity":"","overlay-gradient":""},"mobile":{"background-color":"","background-image":"","background-repeat":"repeat","background-position":"center center","background-size":"auto","background-attachment":"scroll","background-type":"","background-media":"","overlay-type":"","overlay-color":"","overlay-opacity":"","overlay-gradient":""}},"ast-content-background-meta":{"desktop":{"background-color":"var(--ast-global-color-5)","background-image":"","background-repeat":"repeat","background-position":"center center","background-size":"auto","background-attachment":"scroll","background-type":"","background-media":"","overlay-type":"","overlay-color":"","overlay-opacity":"","overlay-gradient":""},"tablet":{"background-color":"var(--ast-global-color-5)","background-image":"","background-repeat":"repeat","background-position":"center center","background-size":"auto","background-attachment":"scroll","background-type":"","background-media":"","overlay-type":"","overlay-color":"","overlay-opacity":"","overlay-gradient":""},"mobile":{"background-color":"var(--ast-global-color-5)","background-image":"","background-repeat":"repeat","background-position":"center center","background-size":"auto","background-attachment":"scroll","background-type":"","background-media":"","overlay-type":"","overlay-color":"","overlay-opacity":"","overlay-gradient":""}}},"product_brand":[],"product_cat":[50],"product_tag":[],"class_list":{"0":"post-3811","1":"product","2":"type-product","3":"status-publish","4":"has-post-thumbnail","6":"product_cat-yleinen","7":"desktop-align-left","8":"tablet-align-left","9":"mobile-align-left","11":"first","12":"instock","13":"downloadable","14":"purchasable","15":"product-type-simple"},"_links":{"self":[{"href":"https:\/\/www.telemedicine.fi\/en\/wp-json\/wp\/v2\/product\/3811","targetHints":{"allow":["GET"]}}],"collection":[{"href":"https:\/\/www.telemedicine.fi\/en\/wp-json\/wp\/v2\/product"}],"about":[{"href":"https:\/\/www.telemedicine.fi\/en\/wp-json\/wp\/v2\/types\/product"}],"version-history":[{"count":10,"href":"https:\/\/www.telemedicine.fi\/en\/wp-json\/wp\/v2\/product\/3811\/revisions"}],"predecessor-version":[{"id":3844,"href":"https:\/\/www.telemedicine.fi\/en\/wp-json\/wp\/v2\/product\/3811\/revisions\/3844"}],"wp:featuredmedia":[{"embeddable":true,"href":"https:\/\/www.telemedicine.fi\/en\/wp-json\/wp\/v2\/media\/3816"}],"wp:attachment":[{"href":"https:\/\/www.telemedicine.fi\/en\/wp-json\/wp\/v2\/media?parent=3811"}],"wp:term":[{"taxonomy":"product_brand","embeddable":true,"href":"https:\/\/www.telemedicine.fi\/en\/wp-json\/wp\/v2\/product_brand?post=3811"},{"taxonomy":"product_cat","embeddable":true,"href":"https:\/\/www.telemedicine.fi\/en\/wp-json\/wp\/v2\/product_cat?post=3811"},{"taxonomy":"product_tag","embeddable":true,"href":"https:\/\/www.telemedicine.fi\/en\/wp-json\/wp\/v2\/product_tag?post=3811"}],"curies":[{"name":"wp","href":"https:\/\/api.w.org\/{rel}","templated":true}]}}