{"id":3222,"date":"2025-04-28T22:25:31","date_gmt":"2025-04-28T19:25:31","guid":{"rendered":"https:\/\/www.telemedicine.fi\/?page_id=3222"},"modified":"2025-04-29T10:52:39","modified_gmt":"2025-04-29T07:52:39","slug":"liity-pienyritysjaseneksi","status":"publish","type":"page","link":"https:\/\/www.telemedicine.fi\/en\/liity-pienyritysjaseneksi\/","title":{"rendered":"Liity pienyritysj\u00e4seneksi"},"content":{"rendered":"\t\t<div data-elementor-type=\"wp-post\" data-elementor-id=\"3222\" class=\"elementor elementor-3222\">\n\t\t\t\t<div class=\"elementor-element elementor-element-a77760e e-flex e-con-boxed wpr-particle-no wpr-jarallax-no wpr-parallax-no wpr-sticky-section-no wpr-equal-height-no e-con e-parent\" data-id=\"a77760e\" data-element_type=\"container\" data-e-type=\"container\" data-settings=\"{&quot;background_background&quot;:&quot;classic&quot;}\">\n\t\t\t\t\t<div class=\"e-con-inner\">\n\t\t<div class=\"elementor-element elementor-element-c983c45 e-con-full e-flex wpr-particle-no wpr-jarallax-no wpr-parallax-no wpr-sticky-section-no wpr-equal-height-no e-con e-child\" data-id=\"c983c45\" data-element_type=\"container\" data-e-type=\"container\">\n\t\t\t\t<div class=\"elementor-element elementor-element-3033cab elementor-widget elementor-widget-heading\" data-id=\"3033cab\" data-element_type=\"widget\" data-e-type=\"widget\" data-widget_type=\"heading.default\">\n\t\t\t\t<div class=\"elementor-widget-container\">\n\t\t\t\t\t<h1 class=\"elementor-heading-title elementor-size-default\">Pienyritysj\u00e4senyys<\/h1>\t\t\t\t<\/div>\n\t\t\t\t<\/div>\n\t\t\t\t<\/div>\n\t\t\t\t\t<\/div>\n\t\t\t\t<\/div>\n\t\t<div class=\"elementor-element elementor-element-7d1c420 e-flex e-con-boxed wpr-particle-no wpr-jarallax-no wpr-parallax-no wpr-sticky-section-no wpr-equal-height-no e-con e-parent\" data-id=\"7d1c420\" data-element_type=\"container\" data-e-type=\"container\">\n\t\t\t\t\t<div class=\"e-con-inner\">\n\t\t\t\t<div class=\"elementor-element elementor-element-21a9603 elementor-widget elementor-widget-heading\" data-id=\"21a9603\" data-element_type=\"widget\" data-e-type=\"widget\" id=\"jasenedut\" data-widget_type=\"heading.default\">\n\t\t\t\t<div class=\"elementor-widget-container\">\n\t\t\t\t\t<h2 class=\"elementor-heading-title elementor-size-default\">Vaihda henkil\u00f6j\u00e4senyytesi pienyritysj\u00e4senyydeksi<\/h2>\t\t\t\t<\/div>\n\t\t\t\t<\/div>\n\t\t\t\t<div class=\"elementor-element elementor-element-42e2004 elementor-widget elementor-widget-text-editor\" data-id=\"42e2004\" data-element_type=\"widget\" data-e-type=\"widget\" data-widget_type=\"text-editor.default\">\n\t\t\t\t<div class=\"elementor-widget-container\">\n\t\t\t\t\t\t\t\t\t<p class=\"\" data-start=\"124\" data-end=\"360\">Jos olet t\u00e4ll\u00e4 hetkell\u00e4 henkil\u00f6j\u00e4sen ja haluaisit siirty\u00e4 pienyritysj\u00e4seneksi, t\u00e4yt\u00e4 alla oleva lomake.<\/p><p class=\"\" data-start=\"124\" data-end=\"360\">Muistathan my\u00f6s ilmoittaa, mik\u00e4li haluat muuttaa laskutustapaa. Laskun voi jatkossakin saada joko s\u00e4hk\u00f6postitse tai verkkolaskuna.<\/p>\t\t\t\t\t\t\t\t<\/div>\n\t\t\t\t<\/div>\n\t\t\t\t\t<\/div>\n\t\t\t\t<\/div>\n\t\t<div class=\"elementor-element elementor-element-f734998 e-flex e-con-boxed wpr-particle-no wpr-jarallax-no wpr-parallax-no wpr-sticky-section-no wpr-equal-height-no e-con e-parent\" data-id=\"f734998\" data-element_type=\"container\" data-e-type=\"container\" data-settings=\"{&quot;background_background&quot;:&quot;classic&quot;,&quot;shape_divider_top&quot;:&quot;triangle-asymmetrical&quot;,&quot;shape_divider_top_negative&quot;:&quot;yes&quot;,&quot;shape_divider_bottom&quot;:&quot;triangle&quot;,&quot;shape_divider_bottom_negative&quot;:&quot;yes&quot;}\">\n\t\t\t\t\t<div class=\"e-con-inner\">\n\t\t\t\t<div class=\"elementor-shape elementor-shape-top\" aria-hidden=\"true\" data-negative=\"true\">\n\t\t\t<svg xmlns=\"http:\/\/www.w3.org\/2000\/svg\" viewBox=\"0 0 1000 100\" preserveAspectRatio=\"none\">\n\t<path class=\"elementor-shape-fill\" d=\"M737.9,94.7L0,0v100h1000V0L737.9,94.7z\"\/>\n<\/svg>\t\t<\/div>\n\t\t\t\t<div class=\"elementor-shape elementor-shape-bottom\" aria-hidden=\"true\" data-negative=\"true\">\n\t\t\t<svg xmlns=\"http:\/\/www.w3.org\/2000\/svg\" viewBox=\"0 0 1000 100\" preserveAspectRatio=\"none\">\n\t<path class=\"elementor-shape-fill\" d=\"M500.2,94.7L0,0v100h1000V0L500.2,94.7z\"\/>\n<\/svg>\t\t<\/div>\n\t\t\t\t<div class=\"elementor-element elementor-element-8585c4b fluentform-widget-submit-button-custom elementor-widget elementor-widget-fluent-form-widget\" data-id=\"8585c4b\" data-element_type=\"widget\" data-e-type=\"widget\" data-widget_type=\"fluent-form-widget.default\">\n\t\t\t\t<div class=\"elementor-widget-container\">\n\t\t\t\t\t\n            <div class=\"fluentform-widget-wrapper fluentform-widget-align-default\">\n\n            \n            <div class='fluentform ff-default fluentform_wrapper_4 ffs_default_wrap'><form data-form_id=\"4\" id=\"fluentform_4\" class=\"frm-fluent-form fluent_form_4 ff-el-form-top ff_form_instance_4_1 ff-form-loading ffs_default\" data-form_instance=\"ff_form_instance_4_1\" method=\"POST\" ><fieldset  style=\"border: none!important;margin: 0!important;padding: 0!important;background-color: transparent!important;box-shadow: none!important;outline: none!important; min-inline-size: 100%;\">\n                    <legend class=\"ff_screen_reader_title\" style=\"display: block; margin: 0!important;padding: 0!important;height: 0!important;text-indent: -999999px;width: 0!important;overflow:hidden;\">Henkil\u00f6j\u00e4senyyden vaihto pienyritysj\u00e4senyydeksi<\/legend><input type='hidden' name='__fluent_form_embded_post_id' value='3222' \/><input type=\"hidden\" id=\"_fluentform_4_fluentformnonce\" name=\"_fluentform_4_fluentformnonce\" value=\"22754fb573\" \/><input type=\"hidden\" name=\"_wp_http_referer\" value=\"\/en\/wp-json\/wp\/v2\/pages\/3222\" \/><div data-type=\"name-element\" data-name=\"names\" class=\" ff-field_container ff-name-field-wrapper\" ><div class='ff-t-container'><div class='ff-t-cell '><div class='ff-el-group ff-el-form-top'><div class=\"ff-el-input--label ff-el-is-required asterisk-right\"><label for='ff_4_names_first_name_' id='label_ff_4_names_first_name_' >Etunimi<\/label><\/div><div class='ff-el-input--content'><input type=\"text\" name=\"names[first_name]\" id=\"ff_4_names_first_name_\" class=\"ff-el-form-control\" placeholder=\"Etunimesi\" aria-invalid=\"false\" aria-required=true><\/div><\/div><\/div><div class='ff-t-cell '><div class='ff-el-group ff-el-form-top'><div class=\"ff-el-input--label ff-el-is-required asterisk-right\"><label for='ff_4_names_last_name_' id='label_ff_4_names_last_name_' >Sukunimi<\/label><\/div><div class='ff-el-input--content'><input type=\"text\" name=\"names[last_name]\" id=\"ff_4_names_last_name_\" class=\"ff-el-form-control\" placeholder=\"Sukunimesi\" aria-invalid=\"false\" aria-required=true><\/div><\/div><\/div><\/div><\/div><div class='ff-el-group'><div class=\"ff-el-input--label asterisk-right\"><label for='ff_4_email' id='label_ff_4_email' aria-label=\"S\u00e4hk\u00f6posti\">S\u00e4hk\u00f6posti<\/label><\/div><div class='ff-el-input--content'><input type=\"email\" name=\"email\" id=\"ff_4_email\" class=\"ff-el-form-control\" placeholder=\"s\u00e4hk\u00f6postiosoitteesi\" data-name=\"email\"  aria-invalid=\"false\" aria-required=false><\/div><\/div><div class='ff-el-group'><div class=\"ff-el-input--label ff-el-is-required asterisk-right\"><label for='ff_4_input_text' id='label_ff_4_input_text' aria-label=\"Yrityksen nimi (ks. pienyrityksen m\u00e4\u00e4ritelm\u00e4 alta)\">Yrityksen nimi (ks. pienyrityksen m\u00e4\u00e4ritelm\u00e4 alta)<\/label><\/div><div class='ff-el-input--content'><input type=\"text\" name=\"input_text\" class=\"ff-el-form-control\" data-name=\"input_text\" id=\"ff_4_input_text\"  aria-invalid=\"false\" aria-required=true><\/div><\/div><div class='ff-el-group'><div class=\"ff-el-input--label ff-el-is-required asterisk-right\"><label for='ff_4_input_text_1' id='label_ff_4_input_text_1' aria-label=\"Y-tunnus\">Y-tunnus<\/label><\/div><div class='ff-el-input--content'><input type=\"text\" name=\"input_text_1\" class=\"ff-el-form-control\" placeholder=\"1234567-8\" data-name=\"input_text_1\" id=\"ff_4_input_text_1\"  aria-invalid=\"false\" aria-required=true><\/div><\/div><div class='ff-el-group'><div class=\"ff-el-input--label asterisk-right\"><label for='ff_4_description' id='label_ff_4_description' aria-label=\"Laskutustiedot\">Laskutustiedot<\/label><\/div><div class='ff-el-input--content'><textarea aria-required=\"false\" aria-labelledby=\"label_ff_4_description\" name=\"description\" id=\"ff_4_description\" class=\"ff-el-form-control\" placeholder=\"Toivottu laskutustapa. Oletuksena on s\u00e4hk\u00f6postilaskutus. \" rows=\"4\" cols=\"1\" data-name=\"description\" ><\/textarea><\/div><\/div><div class='ff-el-group'><div class=\"ff-el-input--label asterisk-right\"><label for='ff_4_description_1' id='label_ff_4_description_1' aria-label=\"Lis\u00e4tietoa tai muuta korjattavaa\">Lis\u00e4tietoa tai muuta korjattavaa<\/label><\/div><div class='ff-el-input--content'><textarea aria-required=\"false\" aria-labelledby=\"label_ff_4_description_1\" name=\"description_1\" id=\"ff_4_description_1\" class=\"ff-el-form-control\" rows=\"3\" cols=\"2\" data-name=\"description_1\" ><\/textarea><\/div><\/div><div class='ff-el-group  ff-custom_html' tabindex='-1' data-name=\"custom_html-4_1\" ><p>Pienyritt\u00e4jien yhteis\u00f6j\u00e4senyys on vuonna 2025 k\u00e4ynnistyv\u00e4 j\u00e4senyysmuoto, joka tarjoaa samat edut kuin yhteis\u00f6j\u00e4senyys. STeHS m\u00e4\u00e4rittelee pienyritt\u00e4jyyden yritykseksi, jossa ty\u00f6skentelee 1\u20134 henkil\u00f6\u00e4. Yrityksen on oltava rekister\u00f6ity Suomessa, ja se voi olla muodoltaan toiminimi, avoin yhti\u00f6, kommandiittiyhti\u00f6, osakeyhti\u00f6 tai osuuskunta.\u00a0<\/p>\n<p>Pienyritt\u00e4jien yhteis\u00f6j\u00e4senyyden vuosimaksu on <strong>65 \u20ac<\/strong><\/p>\n<p>&nbsp;<\/p><\/div><div class='ff-el-group'><div class=\"ff-el-input--label ff-el-is-required asterisk-right\"><label   aria-label=\"Olen lukenut yll\u00e4 olevan, ja haluan siirt\u00e4\u00e4 henkil\u00f6j\u00e4senyyteni pienyritysj\u00e4senyydeksi\">Olen lukenut yll\u00e4 olevan, ja haluan siirt\u00e4\u00e4 henkil\u00f6j\u00e4senyyteni pienyritysj\u00e4senyydeksi<\/label><\/div><div class='ff-el-input--content'><div class='ff-el-form-check ff-el-form-check-'><label class='ff-el-form-check-label' for='checkbox_2164cf6c78edfc1a312645aa387aad01'><input  type=\"checkbox\" name=\"checkbox[]\" data-name=\"checkbox\" class=\"ff-el-form-check-input ff-el-form-check-checkbox\" value=\"Kyll\u00e4\"  id='checkbox_2164cf6c78edfc1a312645aa387aad01' aria-label='Kyll\u00e4' aria-invalid='false' aria-required=true> <span>Kyll\u00e4<\/span><\/label><\/div><\/div><\/div><div class='ff-el-group ' ><div class='ff-el-input--content'><div data-fluent_id='4' name='g-recaptcha-response'><div\n\t\tdata-sitekey='6LdP2_kqAAAAACfABLOj-oB-ZzYzyL9_m0EWXD-7'\n\t\tid='fluentform-recaptcha-4-1'\n\t\tclass='ff-el-recaptcha g-recaptcha'\n\t\tdata-callback='fluentFormrecaptchaSuccessCallback'><\/div><\/div><\/div><\/div><div class='ff-el-group ff-text-left ff_submit_btn_wrapper'><button type=\"submit\" class=\"ff-btn ff-btn-submit ff-btn-md ff_btn_style\"  aria-label=\"L\u00e4het\u00e4 muutosilmoitus\">L\u00e4het\u00e4 muutosilmoitus<\/button><\/div><\/fieldset><\/form><div id='fluentform_4_errors' class='ff-errors-in-stack ff_form_instance_4_1 ff-form-loading_errors ff_form_instance_4_1_errors'><\/div><\/div>            <script type=\"text\/javascript\">\n                window.fluent_form_ff_form_instance_4_1 = {\"id\":\"4\",\"ajaxUrl\":\"https:\\\/\\\/www.telemedicine.fi\\\/wp-admin\\\/admin-ajax.php\",\"settings\":{\"layout\":{\"labelPlacement\":\"top\",\"asteriskPlacement\":\"asterisk-right\",\"helpMessagePlacement\":\"with_label\",\"errorMessagePlacement\":\"inline\",\"cssClassName\":\"\"},\"restrictions\":{\"denyEmptySubmission\":{\"enabled\":false}}},\"form_instance\":\"ff_form_instance_4_1\",\"form_id_selector\":\"fluentform_4\",\"rules\":{\"names[first_name]\":{\"required\":{\"value\":true,\"message\":\"This field is required\",\"global_message\":\"This field is required\",\"global\":true}},\"names[middle_name]\":{\"required\":{\"value\":false,\"message\":\"This field is required\",\"global_message\":\"This field is required\",\"global\":true}},\"names[last_name]\":{\"required\":{\"value\":true,\"message\":\"This field is required\",\"global_message\":\"This field is required\",\"global\":true}},\"email\":{\"required\":{\"value\":false,\"message\":\"This field is required\",\"global_message\":\"This field is required\",\"global\":true},\"email\":{\"value\":true,\"message\":\"This field must contain a valid email\",\"global_message\":\"This field must contain a valid email\",\"global\":true}},\"input_text\":{\"required\":{\"value\":true,\"message\":\"This field is required\",\"global_message\":\"This field is required\",\"global\":true}},\"input_text_1\":{\"required\":{\"value\":true,\"message\":\"This field is required\",\"global_message\":\"This field is required\",\"global\":true}},\"description\":{\"required\":{\"value\":false,\"message\":\"This field is required\",\"global_message\":\"This field is required\",\"global\":true}},\"description_1\":{\"required\":{\"value\":false,\"message\":\"This field is required\",\"global_message\":\"This field is required\",\"global\":true}},\"checkbox\":{\"required\":{\"value\":true,\"message\":\"This field is required\",\"global_message\":\"This field is required\",\"global\":true}},\"g-recaptcha-response\":[]},\"debounce_time\":300};\n                            <\/script>\n                        <\/div>\n\n            \t\t\t\t<\/div>\n\t\t\t\t<\/div>\n\t\t\t\t\t<\/div>\n\t\t\t\t<\/div>\n\t\t\t\t<\/div>\n\t\t","protected":false},"excerpt":{"rendered":"<p>Pienyritysj\u00e4senyys Vaihda henkil\u00f6j\u00e4senyytesi pienyritysj\u00e4senyydeksi Jos olet t\u00e4ll\u00e4 hetkell\u00e4 henkil\u00f6j\u00e4sen ja haluaisit siirty\u00e4 pienyritysj\u00e4seneksi, t\u00e4yt\u00e4 alla oleva lomake. Muistathan my\u00f6s ilmoittaa, mik\u00e4li haluat muuttaa laskutustapaa. Laskun voi jatkossakin saada joko s\u00e4hk\u00f6postitse tai verkkolaskuna. Henkil\u00f6j\u00e4senyyden vaihto pienyritysj\u00e4senyydeksi EtunimiSukunimiS\u00e4hk\u00f6postiYrityksen nimi (ks. pienyrityksen m\u00e4\u00e4ritelm\u00e4 alta)Y-tunnusLaskutustiedotLis\u00e4tietoa tai muuta korjattavaa Pienyritt\u00e4jien yhteis\u00f6j\u00e4senyys on vuonna 2025 k\u00e4ynnistyv\u00e4 j\u00e4senyysmuoto, joka tarjoaa samat edut kuin yhteis\u00f6j\u00e4senyys. STeHS m\u00e4\u00e4rittelee pienyritt\u00e4jyyden yritykseksi, jossa ty\u00f6skentelee 1\u20134 henkil\u00f6\u00e4. Yrityksen on oltava rekister\u00f6ity Suomessa, ja se voi olla muodoltaan toiminimi, avoin yhti\u00f6, kommandiittiyhti\u00f6, osakeyhti\u00f6 tai osuuskunta.\u00a0 Pienyritt\u00e4jien yhteis\u00f6j\u00e4senyyden vuosimaksu on 65 \u20ac &nbsp; Olen lukenut yll\u00e4 olevan, ja haluan siirt\u00e4\u00e4 henkil\u00f6j\u00e4senyyteni pienyritysj\u00e4senyydeksi Kyll\u00e4L\u00e4het\u00e4 muutosilmoitus<\/p>","protected":false},"author":1,"featured_media":0,"parent":0,"menu_order":0,"comment_status":"closed","ping_status":"closed","template":"","meta":{"site-sidebar-layout":"no-sidebar","site-content-layout":"page-builder","ast-site-content-layout":"default","site-content-style":"default","site-sidebar-style":"default","ast-global-header-display":"","ast-banner-title-visibility":"","ast-main-header-display":"","ast-hfb-above-header-display":"","ast-hfb-below-header-display":"","ast-hfb-mobile-header-display":"","site-post-title":"disabled","ast-breadcrumbs-content":"","ast-featured-img":"disabled","footer-sml-layout":"","ast-disable-related-posts":"","theme-transparent-header-meta":"enabled","adv-header-id-meta":"","stick-header-meta":"","header-above-stick-meta":"","header-main-stick-meta":"","header-below-stick-meta":"","astra-migrate-meta-layouts":"default","ast-page-background-enabled":"default","ast-page-background-meta":{"desktop":{"background-color":"","background-image":"","background-repeat":"repeat","background-position":"center center","background-size":"auto","background-attachment":"scroll","background-type":"","background-media":"","overlay-type":"","overlay-color":"","overlay-opacity":"","overlay-gradient":""},"tablet":{"background-color":"","background-image":"","background-repeat":"repeat","background-position":"center center","background-size":"auto","background-attachment":"scroll","background-type":"","background-media":"","overlay-type":"","overlay-color":"","overlay-opacity":"","overlay-gradient":""},"mobile":{"background-color":"","background-image":"","background-repeat":"repeat","background-position":"center center","background-size":"auto","background-attachment":"scroll","background-type":"","background-media":"","overlay-type":"","overlay-color":"","overlay-opacity":"","overlay-gradient":""}},"ast-content-background-meta":{"desktop":{"background-color":"var(--ast-global-color-5)","background-image":"","background-repeat":"repeat","background-position":"center center","background-size":"auto","background-attachment":"scroll","background-type":"","background-media":"","overlay-type":"","overlay-color":"","overlay-opacity":"","overlay-gradient":""},"tablet":{"background-color":"var(--ast-global-color-5)","background-image":"","background-repeat":"repeat","background-position":"center center","background-size":"auto","background-attachment":"scroll","background-type":"","background-media":"","overlay-type":"","overlay-color":"","overlay-opacity":"","overlay-gradient":""},"mobile":{"background-color":"var(--ast-global-color-5)","background-image":"","background-repeat":"repeat","background-position":"center center","background-size":"auto","background-attachment":"scroll","background-type":"","background-media":"","overlay-type":"","overlay-color":"","overlay-opacity":"","overlay-gradient":""}},"footnotes":""},"categories":[],"tags":[],"class_list":["post-3222","page","type-page","status-publish","hentry"],"_links":{"self":[{"href":"https:\/\/www.telemedicine.fi\/en\/wp-json\/wp\/v2\/pages\/3222","targetHints":{"allow":["GET"]}}],"collection":[{"href":"https:\/\/www.telemedicine.fi\/en\/wp-json\/wp\/v2\/pages"}],"about":[{"href":"https:\/\/www.telemedicine.fi\/en\/wp-json\/wp\/v2\/types\/page"}],"author":[{"embeddable":true,"href":"https:\/\/www.telemedicine.fi\/en\/wp-json\/wp\/v2\/users\/1"}],"replies":[{"embeddable":true,"href":"https:\/\/www.telemedicine.fi\/en\/wp-json\/wp\/v2\/comments?post=3222"}],"version-history":[{"count":13,"href":"https:\/\/www.telemedicine.fi\/en\/wp-json\/wp\/v2\/pages\/3222\/revisions"}],"predecessor-version":[{"id":3243,"href":"https:\/\/www.telemedicine.fi\/en\/wp-json\/wp\/v2\/pages\/3222\/revisions\/3243"}],"wp:attachment":[{"href":"https:\/\/www.telemedicine.fi\/en\/wp-json\/wp\/v2\/media?parent=3222"}],"wp:term":[{"taxonomy":"category","embeddable":true,"href":"https:\/\/www.telemedicine.fi\/en\/wp-json\/wp\/v2\/categories?post=3222"},{"taxonomy":"post_tag","embeddable":true,"href":"https:\/\/www.telemedicine.fi\/en\/wp-json\/wp\/v2\/tags?post=3222"}],"curies":[{"name":"wp","href":"https:\/\/api.w.org\/{rel}","templated":true}]}}