{"id":3,"date":"2024-06-11T18:32:23","date_gmt":"2024-06-11T18:32:23","guid":{"rendered":"https:\/\/stehs.verkkokauppakuiskaaja.zoner.dev\/?page_id=3"},"modified":"2025-01-26T07:30:53","modified_gmt":"2025-01-26T05:30:53","slug":"tietosuojaseloste","status":"publish","type":"page","link":"https:\/\/www.telemedicine.fi\/en\/tietosuojaseloste\/","title":{"rendered":"Privacy policy (FI)"},"content":{"rendered":"<div data-elementor-type=\"wp-page\" data-elementor-id=\"3\" class=\"elementor elementor-3\">\n\t\t\t\t<div class=\"elementor-element elementor-element-39bda860 e-flex e-con-boxed wpr-particle-no wpr-jarallax-no wpr-parallax-no wpr-sticky-section-no wpr-equal-height-no e-con e-parent\" data-id=\"39bda860\" data-element_type=\"container\" data-e-type=\"container\">\n\t\t\t\t\t<div class=\"e-con-inner\">\n\t\t\t\t<div class=\"elementor-element elementor-element-6ef1a9cb elementor-widget elementor-widget-text-editor\" data-id=\"6ef1a9cb\" data-element_type=\"widget\" data-e-type=\"widget\" data-widget_type=\"text-editor.default\">\n\t\t\t\t<div class=\"elementor-widget-container\">\n\t\t\t\t\t\t\t\t\t<p><\/p>\n<p>Henkil\u00f6tietolaki (523\/1999) 10 \u00a7 ja 24 \u00a7<\/p>\n<h3 class=\"wp-block-heading\">Rekisterinpit\u00e4j\u00e4<\/h3>\n<p>Nimi: Suomen Telel\u00e4\u00e4ketieteen ja e-Health seura ry. <br \/>www.telemedicine.fi<br \/><br \/><\/p>\n<h3>Yhteyshenkil\u00f6 rekisteri\u00e4 koskevissa asioissa<\/h3>\n<p>Nimi: J\u00e4senrekisterivastaaja Outi Ahonen <br \/>Suomen telel\u00e4\u00e4ketieteen ja e-Health seura ry.<br \/>members@telemedicine.fi<br \/><br \/><\/p>\n<h3>Rekisterin nimi:<\/h3>\n<p>Suomen Telel\u00e4\u00e4ketieteen ja e-Health seura ry:n j\u00e4senrekisteri<br \/><br \/><\/p>\n<h3>Henkil\u00f6tietojen k\u00e4sittelyn tarkoitus<\/h3>\n<p>Henkil\u00f6tietojen k\u00e4sittelyn tarkoitus on yhdistyslain (503\/1989) m\u00e4\u00e4r\u00e4\u00e4m\u00e4 velvoite yll\u00e4pit\u00e4\u00e4 j\u00e4senluetteloa sek\u00e4 j\u00e4senmaksutietojen ja yhteystietojen yll\u00e4pito yhdistyksen toimintaa varten.<br \/><br \/><\/p>\n<h3>Rekisterin k\u00e4ytt\u00f6tarkoitus<\/h3>\n<p>Henkil\u00f6tietojen k\u00e4sittelyn tarkoitus on yhdistyslain (503\/1989) m\u00e4\u00e4r\u00e4\u00e4m\u00e4 velvoite yll\u00e4pit\u00e4\u00e4 j\u00e4senluetteloa sek\u00e4 j\u00e4senmaksutietojen ja yhteystietojen yll\u00e4pito yhdistyksen toimintaa varten.<\/p>\n<p>Rekister\u00f6ityj\u00e4 ovat Suomen telel\u00e4\u00e4ketieteen ja e-Health seura ry:n j\u00e4seniksi hyv\u00e4ksym\u00e4t henkil\u00f6t. J\u00e4senrekisteriin tallennetaan ne tiedot, jotka j\u00e4seneksi hyv\u00e4ksytty on itse antanut yhdistyksen k\u00e4ytett\u00e4v\u00e4ksi.<\/p>\n<p>J\u00e4senrekisteriin ker\u00e4t\u00e4\u00e4n seuraavat tiedot j\u00e4seneksi liittymisen yhteydess\u00e4:<\/p>\n<ul>\n<li>etu- ja sukunimi<\/li>\n<li>postiosoite<\/li>\n<li>syntym\u00e4aika, jolla seurataan yhdistyksen s\u00e4\u00e4nt\u00f6jen mukaista 65 vuotta t\u00e4ytt\u00e4neiden j\u00e4senmaksuvapautta<\/li>\n<li>s\u00e4hk\u00f6postiosoite j\u00e4sentiedotteiden l\u00e4hett\u00e4mist\u00e4 ja muuta yhteydenpitoa varten<\/li>\n<li>vapaaehtoiset tiedot: puhelinnumero ja ty\u00f6nantajan nimi<\/li>\n<\/ul>\n<p>Rekisteriss\u00e4 pidet\u00e4\u00e4n yll\u00e4 my\u00f6s seuraavia tietoja:<\/p>\n<ul>\n<li>tiedot maksetuista j\u00e4senmaksuista<\/li>\n<\/ul>\n<p>S\u00e4hk\u00f6iseen henkil\u00f6rekisteriin tallennettuja henkil\u00f6tietoja s\u00e4ilytet\u00e4\u00e4n j\u00e4senyyden keston ajan. Yhdistyksen arkistossa s\u00e4ilytet\u00e4\u00e4n tiedot hyv\u00e4ksytyist\u00e4 j\u00e4senist\u00e4.<br \/><br \/><\/p>\n<h3>S\u00e4\u00e4nn\u00f6nmukaiset tietol\u00e4hteet<\/h3>\n<p>Tietoja ker\u00e4t\u00e4\u00e4n suoraan j\u00e4seniksi hyv\u00e4ksytyilt\u00e4 j\u00e4seneksi hakemisen yhteydess\u00e4. J\u00e4senill\u00e4 on mahdollisuus p\u00e4ivitt\u00e4\u00e4 tietonsa yhdistyksen nettisivuilla olevan lomakkeen kautta tai ottamalla yhteytt\u00e4 j\u00e4senasioita hoitavaan yhteyshenkil\u00f6\u00f6n.<br \/><br \/><\/p>\n<h3>Tietojen s\u00e4\u00e4nn\u00f6nmukaiset luovutukset<\/h3>\n<p>J\u00e4senrekisterin tietoja ei luovuteta kaupalliseen tarkoitukseen tai kolmansille osapuolille.<br \/><br \/><\/p>\n<h3>Tietojen siirto EU:n tai ETA:n ulkopuolelle<\/h3>\n<p>Tietoja ei luovuteta EU:n tai ETA:n ulkopuolelle.<br \/><br \/><\/p>\n<h3>Rekisterin suojauksen periaatteet<\/h3>\n<p>Tietoja s\u00e4ilytet\u00e4\u00e4n s\u00e4hk\u00f6isess\u00e4 rekisteripalvelussa (FloMembers-j\u00e4senrekisteri \/ palveluntarjoaja Flo Apps Oy). J\u00e4rjestelm\u00e4 t\u00e4ytt\u00e4\u00e4 EU:n yleisen tietosuoja-asetuksen (GDPR) vaatimukset. Sit\u00e4 monitoroidaan ymp\u00e4ri vuorokauden. J\u00e4sentietojen tietoturvasta on huolehdittu muun muassa seuraavasti: 1. Verkkoliikenne on SSL-suojattu. 2. Salasanat s\u00e4ilytet\u00e4\u00e4n j\u00e4rjestelm\u00e4ss\u00e4 kryptattuina. 3. Kriittiset operaatiot tallennetaan j\u00e4rjestelm\u00e4logeihin.<\/p>\n<p>J\u00e4senrekisterin k\u00e4ytt\u00f6oikeus on Suomen Telel\u00e4\u00e4ketieteen ja e-health seura ry:n yhdistyksen vuosikokouksen nime\u00e4m\u00e4t puheenjohtaja, varapuheenjohtaja, hallituksen j\u00e4senet sek\u00e4 tekninen yll\u00e4pit\u00e4j\u00e4 jotka tarvitsevat tietoja teht\u00e4viss\u00e4\u00e4n. N\u00e4ill\u00e4 henkil\u00f6ill\u00e4 on salassapitovelvollisuus.<\/p>\n<p>Rekisteri ei sis\u00e4ll\u00e4 henkil\u00f6rekisterilain 11 \u00a7:ss\u00e4 mainittuja arkaluonteisia tietoja.<br \/><br \/><\/p>\n<h3>Tarkastusoikeus<\/h3>\n<p>Rekister\u00f6idyll\u00e4 on oikeus tarkastaa itse\u00e4\u00e4n koskevat tiedot. Tarkastuspyynt\u00f6 osoitetaan joko kirjallisesti tai s\u00e4hk\u00f6postilla rekisterinpit\u00e4j\u00e4n edustajalle.<br \/><br \/><\/p>\n<h3>Oikeus vaatia tiedon korjaamista<\/h3>\n<p>Rekister\u00f6idyll\u00e4 on oikeus vaatia virheellisen tiedon oikaisua. Tiedot korjaa rekisterin yll\u00e4pit\u00e4j\u00e4 yhteisty\u00f6ss\u00e4 virheellisen tiedon antaneen toimijan kanssa. Korjauspyynt\u00f6 osoitetaan joko kirjallisesti tai s\u00e4hk\u00f6postilla rekisterinpit\u00e4j\u00e4n edustajalle.<br \/><br \/><\/p>\n<p>\u00a0<\/p>\n<h3>Suomen telel\u00e4\u00e4ketieteen ja e-Health seura ry<\/h3>\n<p>Rek. Nro: 169.943 <br \/>business ID: 1628913-6 <br \/>president@telemedicine.fi<\/p>\n<p><\/p>\t\t\t\t\t\t\t\t<\/div>\n\t\t\t\t<\/div>\n\t\t\t\t\t<\/div>\n\t\t\t\t<\/div>\n\t\t\t\t<\/div>","protected":false},"excerpt":{"rendered":"<p>Henkil\u00f6tietolaki (523\/1999) 10 \u00a7 ja 24 \u00a7 Rekisterinpit\u00e4j\u00e4 Nimi: Suomen Telel\u00e4\u00e4ketieteen ja e-Health seura ry. www.telemedicine.fi Yhteyshenkil\u00f6 rekisteri\u00e4 koskevissa asioissa Nimi: J\u00e4senrekisterivastaaja Outi Ahonen Suomen telel\u00e4\u00e4ketieteen ja e-Health seura ry.members@telemedicine.fi Rekisterin nimi: Suomen Telel\u00e4\u00e4ketieteen ja e-Health seura ry:n j\u00e4senrekisteri Henkil\u00f6tietojen k\u00e4sittelyn tarkoitus Henkil\u00f6tietojen k\u00e4sittelyn tarkoitus on yhdistyslain (503\/1989) m\u00e4\u00e4r\u00e4\u00e4m\u00e4 velvoite yll\u00e4pit\u00e4\u00e4 j\u00e4senluetteloa sek\u00e4 j\u00e4senmaksutietojen ja yhteystietojen yll\u00e4pito yhdistyksen toimintaa varten. Rekisterin k\u00e4ytt\u00f6tarkoitus Henkil\u00f6tietojen k\u00e4sittelyn tarkoitus on yhdistyslain (503\/1989) m\u00e4\u00e4r\u00e4\u00e4m\u00e4 velvoite yll\u00e4pit\u00e4\u00e4 j\u00e4senluetteloa sek\u00e4 j\u00e4senmaksutietojen ja yhteystietojen yll\u00e4pito yhdistyksen toimintaa varten. Rekister\u00f6ityj\u00e4 ovat Suomen telel\u00e4\u00e4ketieteen ja e-Health seura ry:n j\u00e4seniksi hyv\u00e4ksym\u00e4t henkil\u00f6t. J\u00e4senrekisteriin tallennetaan ne tiedot, jotka j\u00e4seneksi hyv\u00e4ksytty on itse antanut yhdistyksen k\u00e4ytett\u00e4v\u00e4ksi. J\u00e4senrekisteriin ker\u00e4t\u00e4\u00e4n seuraavat tiedot j\u00e4seneksi liittymisen yhteydess\u00e4: etu- ja sukunimi postiosoite syntym\u00e4aika, jolla seurataan yhdistyksen s\u00e4\u00e4nt\u00f6jen mukaista 65 vuotta t\u00e4ytt\u00e4neiden j\u00e4senmaksuvapautta s\u00e4hk\u00f6postiosoite j\u00e4sentiedotteiden l\u00e4hett\u00e4mist\u00e4 ja muuta yhteydenpitoa varten vapaaehtoiset tiedot: puhelinnumero ja ty\u00f6nantajan nimi Rekisteriss\u00e4 pidet\u00e4\u00e4n yll\u00e4 my\u00f6s seuraavia tietoja: tiedot maksetuista j\u00e4senmaksuista S\u00e4hk\u00f6iseen henkil\u00f6rekisteriin tallennettuja henkil\u00f6tietoja s\u00e4ilytet\u00e4\u00e4n j\u00e4senyyden keston ajan. Yhdistyksen arkistossa s\u00e4ilytet\u00e4\u00e4n tiedot hyv\u00e4ksytyist\u00e4 j\u00e4senist\u00e4. S\u00e4\u00e4nn\u00f6nmukaiset tietol\u00e4hteet Tietoja ker\u00e4t\u00e4\u00e4n suoraan j\u00e4seniksi hyv\u00e4ksytyilt\u00e4 j\u00e4seneksi hakemisen yhteydess\u00e4. J\u00e4senill\u00e4 on mahdollisuus p\u00e4ivitt\u00e4\u00e4 tietonsa yhdistyksen nettisivuilla olevan lomakkeen kautta tai ottamalla yhteytt\u00e4 j\u00e4senasioita hoitavaan yhteyshenkil\u00f6\u00f6n. Tietojen s\u00e4\u00e4nn\u00f6nmukaiset luovutukset J\u00e4senrekisterin tietoja ei luovuteta kaupalliseen tarkoitukseen tai kolmansille osapuolille. Tietojen siirto EU:n tai ETA:n ulkopuolelle Tietoja ei luovuteta EU:n tai ETA:n ulkopuolelle. Rekisterin suojauksen periaatteet Tietoja s\u00e4ilytet\u00e4\u00e4n s\u00e4hk\u00f6isess\u00e4 rekisteripalvelussa (FloMembers-j\u00e4senrekisteri \/ palveluntarjoaja Flo Apps Oy). J\u00e4rjestelm\u00e4 t\u00e4ytt\u00e4\u00e4 EU:n yleisen tietosuoja-asetuksen (GDPR) vaatimukset. Sit\u00e4 monitoroidaan ymp\u00e4ri vuorokauden. J\u00e4sentietojen tietoturvasta on huolehdittu muun muassa seuraavasti: 1. Verkkoliikenne on SSL-suojattu. 2. Salasanat s\u00e4ilytet\u00e4\u00e4n j\u00e4rjestelm\u00e4ss\u00e4 kryptattuina. 3. Kriittiset operaatiot tallennetaan j\u00e4rjestelm\u00e4logeihin. J\u00e4senrekisterin k\u00e4ytt\u00f6oikeus on Suomen Telel\u00e4\u00e4ketieteen ja e-health seura ry:n yhdistyksen vuosikokouksen nime\u00e4m\u00e4t puheenjohtaja, varapuheenjohtaja, hallituksen j\u00e4senet sek\u00e4 tekninen yll\u00e4pit\u00e4j\u00e4 jotka tarvitsevat tietoja teht\u00e4viss\u00e4\u00e4n. N\u00e4ill\u00e4 henkil\u00f6ill\u00e4 on salassapitovelvollisuus. Rekisteri ei sis\u00e4ll\u00e4 henkil\u00f6rekisterilain 11 \u00a7:ss\u00e4 mainittuja arkaluonteisia tietoja. Tarkastusoikeus Rekister\u00f6idyll\u00e4 on oikeus tarkastaa itse\u00e4\u00e4n koskevat tiedot. Tarkastuspyynt\u00f6 osoitetaan joko kirjallisesti tai s\u00e4hk\u00f6postilla rekisterinpit\u00e4j\u00e4n edustajalle. Oikeus vaatia tiedon korjaamista Rekister\u00f6idyll\u00e4 on oikeus vaatia virheellisen tiedon oikaisua. Tiedot korjaa rekisterin yll\u00e4pit\u00e4j\u00e4 yhteisty\u00f6ss\u00e4 virheellisen tiedon antaneen toimijan kanssa. Korjauspyynt\u00f6 osoitetaan joko kirjallisesti tai s\u00e4hk\u00f6postilla rekisterinpit\u00e4j\u00e4n edustajalle. \u00a0 Suomen telel\u00e4\u00e4ketieteen ja e-Health seura ry Rek. Nro: 169.943 Y-tunnus: 1628913-6 president@telemedicine.fi<\/p>","protected":false},"author":6,"featured_media":0,"parent":0,"menu_order":0,"comment_status":"closed","ping_status":"closed","template":"","meta":{"site-sidebar-layout":"default","site-content-layout":"","ast-site-content-layout":"default","site-content-style":"default","site-sidebar-style":"default","ast-global-header-display":"","ast-banner-title-visibility":"","ast-main-header-display":"","ast-hfb-above-header-display":"","ast-hfb-below-header-display":"","ast-hfb-mobile-header-display":"","site-post-title":"","ast-breadcrumbs-content":"","ast-featured-img":"","footer-sml-layout":"","ast-disable-related-posts":"","theme-transparent-header-meta":"","adv-header-id-meta":"","stick-header-meta":"","header-above-stick-meta":"","header-main-stick-meta":"","header-below-stick-meta":"","astra-migrate-meta-layouts":"default","ast-page-background-enabled":"default","ast-page-background-meta":{"desktop":{"background-color":"","background-image":"","background-repeat":"repeat","background-position":"center center","background-size":"auto","background-attachment":"scroll","background-type":"","background-media":"","overlay-type":"","overlay-color":"","overlay-opacity":"","overlay-gradient":""},"tablet":{"background-color":"","background-image":"","background-repeat":"repeat","background-position":"center center","background-size":"auto","background-attachment":"scroll","background-type":"","background-media":"","overlay-type":"","overlay-color":"","overlay-opacity":"","overlay-gradient":""},"mobile":{"background-color":"","background-image":"","background-repeat":"repeat","background-position":"center center","background-size":"auto","background-attachment":"scroll","background-type":"","background-media":"","overlay-type":"","overlay-color":"","overlay-opacity":"","overlay-gradient":""}},"ast-content-background-meta":{"desktop":{"background-color":"var(--ast-global-color-5)","background-image":"","background-repeat":"repeat","background-position":"center center","background-size":"auto","background-attachment":"scroll","background-type":"","background-media":"","overlay-type":"","overlay-color":"","overlay-opacity":"","overlay-gradient":""},"tablet":{"background-color":"var(--ast-global-color-5)","background-image":"","background-repeat":"repeat","background-position":"center center","background-size":"auto","background-attachment":"scroll","background-type":"","background-media":"","overlay-type":"","overlay-color":"","overlay-opacity":"","overlay-gradient":""},"mobile":{"background-color":"var(--ast-global-color-5)","background-image":"","background-repeat":"repeat","background-position":"center center","background-size":"auto","background-attachment":"scroll","background-type":"","background-media":"","overlay-type":"","overlay-color":"","overlay-opacity":"","overlay-gradient":""}},"footnotes":""},"categories":[],"tags":[],"class_list":["post-3","page","type-page","status-publish","hentry"],"_links":{"self":[{"href":"https:\/\/www.telemedicine.fi\/en\/wp-json\/wp\/v2\/pages\/3","targetHints":{"allow":["GET"]}}],"collection":[{"href":"https:\/\/www.telemedicine.fi\/en\/wp-json\/wp\/v2\/pages"}],"about":[{"href":"https:\/\/www.telemedicine.fi\/en\/wp-json\/wp\/v2\/types\/page"}],"author":[{"embeddable":true,"href":"https:\/\/www.telemedicine.fi\/en\/wp-json\/wp\/v2\/users\/6"}],"replies":[{"embeddable":true,"href":"https:\/\/www.telemedicine.fi\/en\/wp-json\/wp\/v2\/comments?post=3"}],"version-history":[{"count":10,"href":"https:\/\/www.telemedicine.fi\/en\/wp-json\/wp\/v2\/pages\/3\/revisions"}],"predecessor-version":[{"id":1490,"href":"https:\/\/www.telemedicine.fi\/en\/wp-json\/wp\/v2\/pages\/3\/revisions\/1490"}],"wp:attachment":[{"href":"https:\/\/www.telemedicine.fi\/en\/wp-json\/wp\/v2\/media?parent=3"}],"wp:term":[{"taxonomy":"category","embeddable":true,"href":"https:\/\/www.telemedicine.fi\/en\/wp-json\/wp\/v2\/categories?post=3"},{"taxonomy":"post_tag","embeddable":true,"href":"https:\/\/www.telemedicine.fi\/en\/wp-json\/wp\/v2\/tags?post=3"}],"curies":[{"name":"wp","href":"https:\/\/api.w.org\/{rel}","templated":true}]}}