{"id":2145,"date":"2024-12-28T09:25:06","date_gmt":"2024-12-28T09:25:06","guid":{"rendered":"https:\/\/stehs.verkkokauppakuiskaaja.zoner.dev\/?page_id=2145"},"modified":"2025-08-26T15:46:47","modified_gmt":"2025-08-26T12:46:47","slug":"maksu-toimitus-ja-palautusehdot","status":"publish","type":"page","link":"https:\/\/www.telemedicine.fi\/en\/maksu-toimitus-ja-palautusehdot\/","title":{"rendered":"Terms of payment, delivery, and return"},"content":{"rendered":"<div data-elementor-type=\"wp-page\" data-elementor-id=\"2145\" class=\"elementor elementor-2145\">\n\t\t\t\t<div class=\"elementor-element elementor-element-39bda860 e-flex e-con-boxed wpr-particle-no wpr-jarallax-no wpr-parallax-no wpr-sticky-section-no wpr-equal-height-no e-con e-parent\" data-id=\"39bda860\" data-element_type=\"container\" data-e-type=\"container\">\n\t\t\t\t\t<div class=\"e-con-inner\">\n\t\t\t\t<div class=\"elementor-element elementor-element-6ef1a9cb elementor-widget elementor-widget-text-editor\" data-id=\"6ef1a9cb\" data-element_type=\"widget\" data-e-type=\"widget\" data-widget_type=\"text-editor.default\">\n\t\t\t\t<div class=\"elementor-widget-container\">\n\t\t\t\t\t\t\t\t\t<p>The Finnish Society for Telemedicine and e-Health (hereinafter STeHS) sells tickets for events and training courses in its online shop. The prices of the products are always VAT-free 0%.<\/p>\n<p>FSTeH is not responsible for any incorrect price information on the website and reserves the right to change prices.&nbsp;<\/p>\n<h2>Orders<\/h2>\n<p>Tickets are ordered via the online shop. All orders will be confirmed by e-mail, indicating the products ordered and the price of the order. To receive an order confirmation, a valid email address must be provided at the time of ordering.&nbsp;<\/p>\n<p>By ordering from the FSTeH online shop, the customer gives his\/her consent for the data provided to be stored in the FSTeH online shop's customer contact register. At the same time, the subscriber agrees that the club may use the personal data provided by him\/her for the marketing of future events in accordance with the applicable data protection legislation.<\/p>\n<p>By placing an order, the customer agrees to the current terms of delivery, which apply to all products delivered from the online shop.<\/p>\n<h2>Payment methods<\/h2>\n<p>Products are paid for at the time of ordering.<\/p>\n<h3>Card payments<\/h3>\n<p>You can pay online with Visa, Visa Debit, Mastercard, Debit Mastercard and American Express cards.<\/p>\n<p>Paytrail Oyj appears as the recipient of the payment on the card invoice and forwards the payment card payment made by the customer directly to the merchant. The card payment is made securely using a secure payment form, and no payment card details are stored in the e-commerce systems.<\/p>\n<h3>Online banking<\/h3>\n<p>You can use all Finnish banks via their eBanking or open banking (<a href=\"https:\/\/support.paytrail.com\/hc\/fi\/articles\/30421124813713-Mik%C3%A4-on-PSD2-ja-mit%C3%A4-se-tarkoittaa-maksajalle\" target=\"_blank\" rel=\"noopener\">PSD2<\/a>) interfaces, including Aktia, Danske Bank, Nordea, Oma S\u00e4\u00e4st\u00f6pankki, Osuuspankki, POP Bank, S\u00e4\u00e4st\u00f6pankki, S-Pankki, and \u00c5landsbanken. When we forward your payment to the online business, your bank statement will show Paytrail Oyj \/the business\u2019s name as the payment recipient. From the website, you\u2019ll be directed straight to your bank to complete the payment securely.<\/p>\n<h3><span style=\"color: var(--ast-global-color-2); font-style: inherit; text-decoration-line: initial; text-align: var(--text-align); background-color: var(--ast-global-color-5);\">Mobile payments<\/span><\/h3>\n<p>Mobile payment applications MobilePay and Siirto enable you to pay for online purchases by online bank transfer or card payment by accepting the payment in the application.<\/p>\n<p>Apple Pay is a digital wallet that works on all Apple devices allowing you to pay for purchases using saved card information.<\/p>\n<p><strong style=\"font-size: 16px;\"><br>MobilePay<\/strong><\/p>\n<div>\n<p>Terms and conditions are available <a href=\"https:\/\/mobilepay.fi\/asiakastuki\/ehdot\" target=\"_blank\" rel=\"noopener\">On the MobilePay terms of use page.<\/a><\/p>\n<p><strong>Apple Pay<\/strong><br>Terms and conditions are available <a href=\"https:\/\/support.apple.com\/fi-fi\/HT201239\" target=\"_blank\" rel=\"noopener\">On the Apple terms of use page.<\/a><\/p>\n<p><strong>Google Pay<\/strong><br>Terms and conditions are available <a href=\"https:\/\/payments.developers.google.com\/terms\/aup\" target=\"_blank\" rel=\"noopener\">On the Google Pay terms of use page.<\/a><\/p>\n<\/div>\n<h2>Delivery<\/h2>\n<p>The requested right to participate in the event will be sent by e-mail.<\/p>\n<h2>Exchange and return conditions<\/h2>\n<p>All products purchased from the online store have a 14-day right of withdrawal from the date of receipt of the order in accordance with the Finnish Consumer Protection Act. The right of withdrawal does not apply to customized special orders\/pre-orders. In the case of a refund, the refund will be made to the payment method used in the order (not, for example, by bank transfer).<\/p>\n<p>Please inform us in advance of any refund or exchange by e-mail.<\/p>\n<h3>The cancellation policy for FSTeH events is as follows:<\/h3>\n<p><strong>In case of cancellation, FSTeH will refund the participant as follows:<\/strong><\/p>\n<ul>\n<li>100 % tapahtumamaksusta:&nbsp;Peruutus tehd\u00e4\u00e4n viimeist\u00e4\u00e4n 10.7.2025<\/li>\n<li>50% tapahtumamaksusta: Peruutus tehd\u00e4\u00e4n viimeist\u00e4\u00e4n 10.8.2025<\/li>\n<li>0% tapahtumamaksusta: Peruutus tehd\u00e4\u00e4n 11.8.2025 j\u00e4lkeen<\/li>\n<\/ul>\n<p>FSTeH charges a \u20ac5 office fee for cancellations made by the customer, regardless of the payment method (invoice or online).<\/p>\n<p>If an event or course is cancelled by STeHS, the full course fee will be refunded to the participant.<\/p>\n<p>The event will be organised and tickets will be provided on a force majeure basis. If for reasons beyond the control of STeHS and due to force majeure (such as natural disasters, industrial action...) the trip is cancelled, the cancellation conditions will not apply as such.<\/p>\n<p><!-- \/wp:paragraph --><\/p>\t\t\t\t\t\t\t\t<\/div>\n\t\t\t\t<\/div>\n\t\t\t\t\t<\/div>\n\t\t\t\t<\/div>\n\t\t\t\t<\/div>","protected":false},"excerpt":{"rendered":"<p>Suomen Telel\u00e4\u00e4ketieteen ja e-Health seura (j\u00e4ljemp\u00e4n\u00e4 STeHS) myy verkkokaupassa mm. osallistumislippuja eri tapahtumiin sek\u00e4 koulutuksiin. Tuotteiden hinnat ovat aina arvonlis\u00e4verottomia 0%. STeHS ei vastaa sivustolla mahdollisesti olevasta virheellisest\u00e4 hintatiedosta ja pid\u00e4tt\u00e4\u00e4 oikeuden hinnanmuutoksiin.&nbsp; Tilaaminen Osallistumislippu tilataan verkkokaupan v\u00e4lityksell\u00e4. Kaikki tilaukset vahvistetaan s\u00e4hk\u00f6postilla, jossa ilmoitetaan tilatut tuotteet sek\u00e4 tilauksen hinta. Tilausvahvistuksen saaminen edellytt\u00e4\u00e4 toimivan s\u00e4hk\u00f6postiosoitteen ilmoittamista tilauksen yhteydess\u00e4.&nbsp; Tilaamalla STeHS verkkokaupasta asiakas antaa luvan antamiensa tietojen tallentamiseen STeHS verkkokaupan asiakkaiden yhteystietorekisteriin. Samalla tilaaja hyv\u00e4ksyy, ett\u00e4 seura saa k\u00e4ytt\u00e4\u00e4 h\u00e4nen antamiaan henkil\u00f6tietoja tulevien tapahtumien markkinointiin voimassaolevan tietosuojalains\u00e4\u00e4d\u00e4nn\u00f6n mukaisesti. Tilaamisen yhteydess\u00e4 asiakas sitoutuu voimassa oleviin toimitusehtoihin, jotka koskevat kaikkia verkkokaupasta toimitettuja tuotteita. Maksutavat Tuotteet maksetaan tilauksen yhteydess\u00e4. Luottokorttimaksut Voit maksaa verkkokaupassa Visa-, Visa Debit-, Mastercard-, Debit Mastercard &#8211; ja American Express -korteilla. Verkkokaupassa ovat k\u00e4yt\u00f6ss\u00e4 kansainv\u00e4liset Verified by Visa -, Mastercard SecureCode &#8211; ja American Express SafeKey -todentamispalvelut. Paytrail Oyj n\u00e4kyy maksun saajana korttilaskulla ja v\u00e4litt\u00e4\u00e4 asiakkaan maksaman maksukorttimaksun suoraan kauppiaalle. Korttimaksaminen tapahtuu turvallisesti suojatulla maksulomakkeella, eik\u00e4 maksukortin tietoja tallenneta verkkokaupan j\u00e4rjestelmiin. Pankkimaksut K\u00e4yt\u00f6ss\u00e4si on kaikkien suomalaisten pankkien maksupainikkeet joko pankkien tarjoamiin eBanking-rajapintoihin tai open banking-rajapintoihin (PSD2)&nbsp;pohjautuen.&nbsp;Voit maksaa Aktian, Danske Bankin, Nordean, Oma S\u00e4\u00e4st\u00f6pankin, Osuuspankin, POP-pankin, S\u00e4\u00e4st\u00f6pankin, S-pankin ja \u00c5landsbankenin maksupainikkeilla.&nbsp;Kun v\u00e4lit\u00e4mme maksusi verkkokauppiaalle, tiliotteellasi n\u00e4kyy maksunsaajana Paytrail Oyj\/verkkokaupan nimi.&nbsp;Verkkokaupasta sinut ohjataan suoraan omaan pankkiisi suorittamaan maksu turvallisesti. Mobiilimaksutavat Mobiilimaksutavat (MobilePay) ovat sovelluksessa toimivia palveluita, joilla voi maksaa verkko-ostoksia tilisiirtona tililt\u00e4\u00e4n tai korttimaksuna kortiltaan hyv\u00e4ksym\u00e4ll\u00e4 maksun kyseisess\u00e4 sovelluksessa. Apple Pay on Apple-laitteessa toimiva palvelu, jolla voi maksaa ostoksia laitteeseen liitetylt\u00e4 maksukortilta. MobilePay Ehdot ovat tarjolla MobilePayn k\u00e4ytt\u00f6ehdot-sivuilla. Apple PayK\u00e4ytt\u00f6ehdot ovat tarjolla Applen k\u00e4ytt\u00f6ehdot-sivuilla. Google PayK\u00e4ytt\u00f6ehdot ovat tarjolla Google Payn k\u00e4ytt\u00f6ehdot-sivuilla. Toimitus Tilattu oikeus osallistua tapahtumaan toimitetaan s\u00e4hk\u00f6postilla. Vaihto- ja palautusehdot Kaikilla verkkokaupasta ostetuilla tuotteilla on Suomen kuluttajansuojalain mukainen 14 p\u00e4iv\u00e4n peruutusoikeus tilauksen vastaanottamisp\u00e4iv\u00e4st\u00e4 lukien. Peruutusoikeus ei koske r\u00e4\u00e4t\u00e4l\u00f6ityj\u00e4 erikoistilauksia\/ennakkotilauksia. Palautustapauksissa maksunpalautus tehd\u00e4\u00e4n tilauksessa k\u00e4ytetylle maksutavalle (ei esimerkiksi tilisiirtona). Pyyd\u00e4mme ilmoittamaan asiakaspalautuksesta tai vaihdosta etuk\u00e4teen s\u00e4hk\u00f6postitse. STeHS tapahtumien peruutusehdot ovat seuraavat: Peruutustilanteessa STeHS hyvitt\u00e4\u00e4 osallistujaa seuraavasti: 100 % tapahtumamaksusta:&nbsp;Peruutus tehd\u00e4\u00e4n viimeist\u00e4\u00e4n 10.7.2025 50% tapahtumamaksusta: Peruutus tehd\u00e4\u00e4n viimeist\u00e4\u00e4n 10.8.2025 0% tapahtumamaksusta: Peruutus tehd\u00e4\u00e4n 11.8.2025 j\u00e4lkeen STeHS perii asiakkaan tekemist\u00e4 peruutuksista 5 \u20ac:n toimistomaksun riippumatta maksutavasta (lasku tai verkkomaksu). Mik\u00e4li tapahtuma tai kurssi perutaan STeHS toimesta, palautetaan kurssimaksu kokonaisuudessaan osallistujalle. Tapahtuma j\u00e4rjestet\u00e4\u00e4n ja osallistumisliput toimitetaan force majeure -varauksin. Jos STeHS:sta johtumattomasta syyst\u00e4 ja ylivoimaisista esteisteist\u00e4 johtuen (kuten luonnonkatastrofi, ty\u00f6taistelu&#8230;) matka peruuntuu, ei peruutusehdot p\u00e4de sellaisenaan.<\/p>","protected":false},"author":6,"featured_media":0,"parent":0,"menu_order":0,"comment_status":"closed","ping_status":"closed","template":"","meta":{"site-sidebar-layout":"default","site-content-layout":"","ast-site-content-layout":"default","site-content-style":"default","site-sidebar-style":"default","ast-global-header-display":"","ast-banner-title-visibility":"","ast-main-header-display":"","ast-hfb-above-header-display":"","ast-hfb-below-header-display":"","ast-hfb-mobile-header-display":"","site-post-title":"","ast-breadcrumbs-content":"","ast-featured-img":"","footer-sml-layout":"","ast-disable-related-posts":"","theme-transparent-header-meta":"","adv-header-id-meta":"","stick-header-meta":"","header-above-stick-meta":"","header-main-stick-meta":"","header-below-stick-meta":"","astra-migrate-meta-layouts":"default","ast-page-background-enabled":"default","ast-page-background-meta":{"desktop":{"background-color":"","background-image":"","background-repeat":"repeat","background-position":"center center","background-size":"auto","background-attachment":"scroll","background-type":"","background-media":"","overlay-type":"","overlay-color":"","overlay-opacity":"","overlay-gradient":""},"tablet":{"background-color":"","background-image":"","background-repeat":"repeat","background-position":"center center","background-size":"auto","background-attachment":"scroll","background-type":"","background-media":"","overlay-type":"","overlay-color":"","overlay-opacity":"","overlay-gradient":""},"mobile":{"background-color":"","background-image":"","background-repeat":"repeat","background-position":"center center","background-size":"auto","background-attachment":"scroll","background-type":"","background-media":"","overlay-type":"","overlay-color":"","overlay-opacity":"","overlay-gradient":""}},"ast-content-background-meta":{"desktop":{"background-color":"var(--ast-global-color-5)","background-image":"","background-repeat":"repeat","background-position":"center center","background-size":"auto","background-attachment":"scroll","background-type":"","background-media":"","overlay-type":"","overlay-color":"","overlay-opacity":"","overlay-gradient":""},"tablet":{"background-color":"var(--ast-global-color-5)","background-image":"","background-repeat":"repeat","background-position":"center center","background-size":"auto","background-attachment":"scroll","background-type":"","background-media":"","overlay-type":"","overlay-color":"","overlay-opacity":"","overlay-gradient":""},"mobile":{"background-color":"var(--ast-global-color-5)","background-image":"","background-repeat":"repeat","background-position":"center center","background-size":"auto","background-attachment":"scroll","background-type":"","background-media":"","overlay-type":"","overlay-color":"","overlay-opacity":"","overlay-gradient":""}},"footnotes":""},"categories":[],"tags":[],"class_list":["post-2145","page","type-page","status-publish","hentry"],"_links":{"self":[{"href":"https:\/\/www.telemedicine.fi\/en\/wp-json\/wp\/v2\/pages\/2145","targetHints":{"allow":["GET"]}}],"collection":[{"href":"https:\/\/www.telemedicine.fi\/en\/wp-json\/wp\/v2\/pages"}],"about":[{"href":"https:\/\/www.telemedicine.fi\/en\/wp-json\/wp\/v2\/types\/page"}],"author":[{"embeddable":true,"href":"https:\/\/www.telemedicine.fi\/en\/wp-json\/wp\/v2\/users\/6"}],"replies":[{"embeddable":true,"href":"https:\/\/www.telemedicine.fi\/en\/wp-json\/wp\/v2\/comments?post=2145"}],"version-history":[{"count":40,"href":"https:\/\/www.telemedicine.fi\/en\/wp-json\/wp\/v2\/pages\/2145\/revisions"}],"predecessor-version":[{"id":3722,"href":"https:\/\/www.telemedicine.fi\/en\/wp-json\/wp\/v2\/pages\/2145\/revisions\/3722"}],"wp:attachment":[{"href":"https:\/\/www.telemedicine.fi\/en\/wp-json\/wp\/v2\/media?parent=2145"}],"wp:term":[{"taxonomy":"category","embeddable":true,"href":"https:\/\/www.telemedicine.fi\/en\/wp-json\/wp\/v2\/categories?post=2145"},{"taxonomy":"post_tag","embeddable":true,"href":"https:\/\/www.telemedicine.fi\/en\/wp-json\/wp\/v2\/tags?post=2145"}],"curies":[{"name":"wp","href":"https:\/\/api.w.org\/{rel}","templated":true}]}}