{"id":1649,"date":"2024-12-08T06:16:46","date_gmt":"2024-12-08T06:16:46","guid":{"rendered":"https:\/\/stehs.verkkokauppakuiskaaja.zoner.dev\/?page_id=1649"},"modified":"2025-05-08T17:49:22","modified_gmt":"2025-05-08T14:49:22","slug":"liity-jaseneksi","status":"publish","type":"page","link":"https:\/\/www.telemedicine.fi\/en\/liity-jaseneksi\/","title":{"rendered":"Join as a member"},"content":{"rendered":"<div data-elementor-type=\"wp-post\" data-elementor-id=\"1649\" class=\"elementor elementor-1649\">\n\t\t\t\t<div class=\"elementor-element elementor-element-a77760e e-flex e-con-boxed wpr-particle-no wpr-jarallax-no wpr-parallax-no wpr-sticky-section-no wpr-equal-height-no e-con e-parent\" data-id=\"a77760e\" data-element_type=\"container\" data-e-type=\"container\" data-settings=\"{&quot;background_background&quot;:&quot;classic&quot;}\">\n\t\t\t\t\t<div class=\"e-con-inner\">\n\t\t<div class=\"elementor-element elementor-element-c983c45 e-con-full e-flex wpr-particle-no wpr-jarallax-no wpr-parallax-no wpr-sticky-section-no wpr-equal-height-no e-con e-child\" data-id=\"c983c45\" data-element_type=\"container\" data-e-type=\"container\">\n\t\t\t\t<div class=\"elementor-element elementor-element-3033cab elementor-widget elementor-widget-heading\" data-id=\"3033cab\" data-element_type=\"widget\" data-e-type=\"widget\" data-widget_type=\"heading.default\">\n\t\t\t\t<div class=\"elementor-widget-container\">\n\t\t\t\t\t<h1 class=\"elementor-heading-title elementor-size-default\">Join as a member<\/h1>\t\t\t\t<\/div>\n\t\t\t\t<\/div>\n\t\t\t\t<\/div>\n\t\t\t\t\t<\/div>\n\t\t\t\t<\/div>\n\t\t<div class=\"elementor-element elementor-element-6fd5036 e-flex e-con-boxed wpr-particle-no wpr-jarallax-no wpr-parallax-no wpr-sticky-section-no wpr-equal-height-no e-con e-parent\" data-id=\"6fd5036\" data-element_type=\"container\" data-e-type=\"container\">\n\t\t\t\t\t<div class=\"e-con-inner\">\n\t\t\t\t<div class=\"elementor-element elementor-element-5c8b245 elementor-align-center elementor-widget elementor-widget-button\" data-id=\"5c8b245\" data-element_type=\"widget\" data-e-type=\"widget\" data-widget_type=\"button.default\">\n\t\t\t\t<div class=\"elementor-widget-container\">\n\t\t\t\t\t\t\t\t\t<div class=\"elementor-button-wrapper\">\n\t\t\t\t\t<a class=\"elementor-button elementor-button-link elementor-size-sm\" href=\"https:\/\/www.flomembers.com\/telemedicine\/members\/application\/createApplication\" target=\"_blank\" rel=\"noopener\">\n\t\t\t\t\t\t<span class=\"elementor-button-content-wrapper\">\n\t\t\t\t\t\t\t\t\t<span class=\"elementor-button-text\">Open membership application form<\/span>\n\t\t\t\t\t<\/span>\n\t\t\t\t\t<\/a>\n\t\t\t\t<\/div>\n\t\t\t\t\t\t\t\t<\/div>\n\t\t\t\t<\/div>\n\t\t\t\t<div class=\"elementor-element elementor-element-9554916 elementor-widget elementor-widget-text-editor\" data-id=\"9554916\" data-element_type=\"widget\" data-e-type=\"widget\" data-widget_type=\"text-editor.default\">\n\t\t\t\t<div class=\"elementor-widget-container\">\n\t\t\t\t\t\t\t\t\t<p>The links will open in a new window in our member registration software (FloMembers) member registration window <br \/>In the form, you can choose the role you want to apply for (member, community member, small business member, sustaining member).\u00a0<br \/>The Board will personally inform those accepted for membership\u00a0<\/p>\t\t\t\t\t\t\t\t<\/div>\n\t\t\t\t<\/div>\n\t\t\t\t\t<\/div>\n\t\t\t\t<\/div>\n\t\t<div class=\"elementor-element elementor-element-7d1c420 e-flex e-con-boxed wpr-particle-no wpr-jarallax-no wpr-parallax-no wpr-sticky-section-no wpr-equal-height-no e-con e-parent\" data-id=\"7d1c420\" data-element_type=\"container\" data-e-type=\"container\">\n\t\t\t\t\t<div class=\"e-con-inner\">\n\t\t\t\t<div class=\"elementor-element elementor-element-21a9603 elementor-widget elementor-widget-heading\" data-id=\"21a9603\" data-element_type=\"widget\" data-e-type=\"widget\" id=\"jasenedut\" data-widget_type=\"heading.default\">\n\t\t\t\t<div class=\"elementor-widget-container\">\n\t\t\t\t\t<h2 class=\"elementor-heading-title elementor-size-default\">Benefits for members<\/h2>\t\t\t\t<\/div>\n\t\t\t\t<\/div>\n\t\t\t\t<div class=\"elementor-element elementor-element-42e2004 elementor-widget elementor-widget-text-editor\" data-id=\"42e2004\" data-element_type=\"widget\" data-e-type=\"widget\" data-widget_type=\"text-editor.default\">\n\t\t\t\t<div class=\"elementor-widget-container\">\n\t\t\t\t\t\t\t\t\t<p>Membership benefits include member newsletters informing about current telemedicine educational events and board activities.\u00a0<span style=\"font-style: inherit; font-weight: inherit; text-align: var(--text-align); color: var(--ast-global-color-3);\">Members of the Society are entitled to a discount on participation fees for events organised by the Society, as well as on certain purchases of literature in the field.\u00a0<\/span><span style=\"font-style: inherit; font-weight: inherit; text-align: var(--text-align); color: var(--ast-global-color-3);\">Becoming a member opens up a network where you can easily get in touch with other interested people.\u00a0<\/span><\/p><p>\u00a0<\/p>\t\t\t\t\t\t\t\t<\/div>\n\t\t\t\t<\/div>\n\t\t\t\t\t<\/div>\n\t\t\t\t<\/div>\n\t\t<div class=\"elementor-element elementor-element-f734998 e-flex e-con-boxed wpr-particle-no wpr-jarallax-no wpr-parallax-no wpr-sticky-section-no wpr-equal-height-no e-con e-parent\" data-id=\"f734998\" data-element_type=\"container\" data-e-type=\"container\" data-settings=\"{&quot;background_background&quot;:&quot;classic&quot;,&quot;shape_divider_top&quot;:&quot;triangle-asymmetrical&quot;,&quot;shape_divider_top_negative&quot;:&quot;yes&quot;,&quot;shape_divider_bottom&quot;:&quot;triangle&quot;,&quot;shape_divider_bottom_negative&quot;:&quot;yes&quot;}\">\n\t\t\t\t\t<div class=\"e-con-inner\">\n\t\t\t\t<div class=\"elementor-shape elementor-shape-top\" aria-hidden=\"true\" data-negative=\"true\">\n\t\t\t<svg xmlns=\"http:\/\/www.w3.org\/2000\/svg\" viewbox=\"0 0 1000 100\" preserveaspectratio=\"none\">\n\t<path class=\"elementor-shape-fill\" d=\"M737.9,94.7L0,0v100h1000V0L737.9,94.7z\"\/>\n<\/svg>\t\t<\/div>\n\t\t\t\t<div class=\"elementor-shape elementor-shape-bottom\" aria-hidden=\"true\" data-negative=\"true\">\n\t\t\t<svg xmlns=\"http:\/\/www.w3.org\/2000\/svg\" viewbox=\"0 0 1000 100\" preserveaspectratio=\"none\">\n\t<path class=\"elementor-shape-fill\" d=\"M500.2,94.7L0,0v100h1000V0L500.2,94.7z\"\/>\n<\/svg>\t\t<\/div>\n\t\t\t\t<div class=\"elementor-element elementor-element-415ae18 elementor-widget elementor-widget-heading\" data-id=\"415ae18\" data-element_type=\"widget\" data-e-type=\"widget\" data-widget_type=\"heading.default\">\n\t\t\t\t<div class=\"elementor-widget-container\">\n\t\t\t\t\t<h2 class=\"elementor-heading-title elementor-size-default\">Why join the Finnish Society of Telemedicine?<\/h2>\t\t\t\t<\/div>\n\t\t\t\t<\/div>\n\t\t\t\t<div class=\"elementor-element elementor-element-b8fd4c1 elementor-widget elementor-widget-text-editor\" data-id=\"b8fd4c1\" data-element_type=\"widget\" data-e-type=\"widget\" data-widget_type=\"text-editor.default\">\n\t\t\t\t<div class=\"elementor-widget-container\">\n\t\t\t\t\t\t\t\t\t<ol><li>The Society forms a unique multi-professional eHealth and telemedicine network with connections to experts in the field<\/li><li>High quality training<\/li><li>Discounts on training events\u00a0<\/li><li>The member magazines are Finnish Journal of eHealth and eWelfare, and Journal of Telemedicine and Telecare<\/li><li>Membership fee includes membership of the International Society for Telemedicine and eHealth<\/li><li>ISfTeH information and discounts on congresses in the future, information on our website<\/li><li>Membership services on our website<em> conference presentations in a closed member area<\/em><\/li><li>A contact point for companies with industry players<\/li><li>Opportunities to participate in the Technology and Enterprise Section or the Research and Education Section<\/li><li>At the Society's conferences, members can obtain training credits for specific qualifications. The Society will issue a certificate of attendance for participation in the conference.<\/li><li>Travel grants for members to present scientific work at international congresses<\/li><li>Members to participate in the club's education section and network with colleagues<\/li><li>Opportunity to participate in the remote reception section<\/li><\/ol><p><strong>Community members also get:<\/strong><\/p><ol><li>Member Organisation's staff receive a discount on training events<\/li><li>Opportunities in the Technology and Enterprise Section<\/li><li>The Member Organisation's details and logo are visible on the website.\u00a0<\/li><li style=\"list-style-type: none;\">\u00a0<\/li><\/ol>\t\t\t\t\t\t\t\t<\/div>\n\t\t\t\t<\/div>\n\t\t\t\t\t<\/div>\n\t\t\t\t<\/div>\n\t\t<div class=\"elementor-element elementor-element-6929996 e-flex e-con-boxed wpr-particle-no wpr-jarallax-no wpr-parallax-no wpr-sticky-section-no wpr-equal-height-no e-con e-parent\" data-id=\"6929996\" data-element_type=\"container\" data-e-type=\"container\" data-settings=\"{&quot;background_background&quot;:&quot;classic&quot;}\">\n\t\t\t\t\t<div class=\"e-con-inner\">\n\t\t<div class=\"elementor-element elementor-element-64648da e-con-full e-flex wpr-particle-no wpr-jarallax-no wpr-parallax-no wpr-sticky-section-no wpr-equal-height-no e-con e-child\" data-id=\"64648da\" data-element_type=\"container\" data-e-type=\"container\">\n\t\t\t\t<div class=\"elementor-element elementor-element-a94bef4 elementor-widget elementor-widget-heading\" data-id=\"a94bef4\" data-element_type=\"widget\" data-e-type=\"widget\" data-widget_type=\"heading.default\">\n\t\t\t\t<div class=\"elementor-widget-container\">\n\t\t\t\t\t<h2 class=\"elementor-heading-title elementor-size-default\">How to become a member<\/h2>\t\t\t\t<\/div>\n\t\t\t\t<\/div>\n\t\t\t\t<div class=\"elementor-element elementor-element-9e52f4a elementor-widget elementor-widget-text-editor\" data-id=\"9e52f4a\" data-element_type=\"widget\" data-e-type=\"widget\" data-widget_type=\"text-editor.default\">\n\t\t\t\t<div class=\"elementor-widget-container\">\n\t\t\t\t\t\t\t\t\t<p>As a member of the association, you are involved in the development of e-health and telemedicine in our country. Upon application, the Board may admit individual, associate and corporate members whose activities contribute to the purpose of the Society.<\/p><p>Membership fees<\/p><ul><li>individual member<strong> 30 \u20ac<\/strong><\/li><li>sustaining member\u00a0<strong>110 \u20ac<\/strong><\/li><li>Member Organisations <strong>250 \u20ac<\/strong><\/li><li><a href=\"https:\/\/www.telemedicine.fi\/en\/liity-pienyritysjaseneksi\/\">Membership for Small business <strong>65 \u20ac<\/strong><\/a><\/li><\/ul><p>The membership fee for individual members now includes, as a new feature, an associate membership of the International Society for Telemedicine and the Nordic Telemedicine Association.<\/p><p>Community membership for small business owners will be launched in 2025 and will offer the same benefits as community membership. The FSTeH defines a small business as an enterprise employing 1-4 people. The enterprise must be registered in Finland and can take the form of a limited liability company (Tmi), general partnership (AY), limited partnership (KY), limited liability company (OY) or cooperative.<\/p>\t\t\t\t\t\t\t\t<\/div>\n\t\t\t\t<\/div>\n\t\t\t\t<div class=\"elementor-element elementor-element-b3717b6 elementor-widget elementor-widget-text-editor\" data-id=\"b3717b6\" data-element_type=\"widget\" data-e-type=\"widget\" data-widget_type=\"text-editor.default\">\n\t\t\t\t<div class=\"elementor-widget-container\">\n\t\t\t\t\t\t\t\t\t<p><a href=\"https:\/\/www.flomembers.com\/telemedicine\/members\/application\/createApplication\" target=\"_blank\" rel=\"noopener\"><strong>Open the membership application form HERE<\/strong><\/a><br \/>The links will open in a new window in our member registration software (FloMembers) member registration window\u00a0<\/p><p class=\"\" data-start=\"124\" data-end=\"360\">If you are currently a member and would like to become a small business member, <a href=\"https:\/\/www.telemedicine.fi\/en\/liity-pienyritysjaseneksi\/\" target=\"_blank\" rel=\"noopener\"><strong>fill in the application HERE<\/strong>.<\/a><\/p><p>The Board will personally inform those accepted for membership<\/p>\t\t\t\t\t\t\t\t<\/div>\n\t\t\t\t<\/div>\n\t\t\t\t<\/div>\n\t\t<div class=\"elementor-element elementor-element-5c0a501 e-con-full e-flex wpr-particle-no wpr-jarallax-no wpr-parallax-no wpr-sticky-section-no wpr-equal-height-no e-con e-child\" data-id=\"5c0a501\" data-element_type=\"container\" data-e-type=\"container\" data-settings=\"{&quot;background_background&quot;:&quot;classic&quot;}\">\n\t\t\t\t<div class=\"elementor-element elementor-element-2a7c0c4 elementor-widget elementor-widget-image\" data-id=\"2a7c0c4\" data-element_type=\"widget\" data-e-type=\"widget\" data-widget_type=\"image.default\">\n\t\t\t\t<div class=\"elementor-widget-container\">\n\t\t\t\t\t\t\t\t\t\t\t\t\t\t\t<img fetchpriority=\"high\" decoding=\"async\" width=\"600\" height=\"600\" src=\"https:\/\/www.telemedicine.fi\/wp-content\/uploads\/2025\/04\/Etahoidon-sahkoa-ilmassa-Suomen-Telelaaketieteen-ja-e-Health-seura-1.webp\" class=\"attachment-full size-full wp-image-3126\" alt=\"\" srcset=\"https:\/\/www.telemedicine.fi\/wp-content\/uploads\/2025\/04\/Etahoidon-sahkoa-ilmassa-Suomen-Telelaaketieteen-ja-e-Health-seura-1.webp 600w, https:\/\/www.telemedicine.fi\/wp-content\/uploads\/2025\/04\/Etahoidon-sahkoa-ilmassa-Suomen-Telelaaketieteen-ja-e-Health-seura-1-300x300.webp 300w, https:\/\/www.telemedicine.fi\/wp-content\/uploads\/2025\/04\/Etahoidon-sahkoa-ilmassa-Suomen-Telelaaketieteen-ja-e-Health-seura-1-150x150.webp 150w, https:\/\/www.telemedicine.fi\/wp-content\/uploads\/2025\/04\/Etahoidon-sahkoa-ilmassa-Suomen-Telelaaketieteen-ja-e-Health-seura-1-12x12.webp 12w, https:\/\/www.telemedicine.fi\/wp-content\/uploads\/2025\/04\/Etahoidon-sahkoa-ilmassa-Suomen-Telelaaketieteen-ja-e-Health-seura-1-100x100.webp 100w\" sizes=\"(max-width: 600px) 100vw, 600px\" \/>\t\t\t\t\t\t\t\t\t\t\t\t\t\t\t<\/div>\n\t\t\t\t<\/div>\n\t\t\t\t<\/div>\n\t\t\t\t\t<\/div>\n\t\t\t\t<\/div>\n\t\t<div class=\"elementor-element elementor-element-8f7b141 e-flex e-con-boxed wpr-particle-no wpr-jarallax-no wpr-parallax-no wpr-sticky-section-no wpr-equal-height-no e-con e-parent\" data-id=\"8f7b141\" data-element_type=\"container\" data-e-type=\"container\">\n\t\t\t\t\t<div class=\"e-con-inner\">\n\t\t\t\t<div class=\"elementor-element elementor-element-cd122b2 elementor-align-center elementor-widget elementor-widget-button\" data-id=\"cd122b2\" data-element_type=\"widget\" data-e-type=\"widget\" data-widget_type=\"button.default\">\n\t\t\t\t<div class=\"elementor-widget-container\">\n\t\t\t\t\t\t\t\t\t<div class=\"elementor-button-wrapper\">\n\t\t\t\t\t<a class=\"elementor-button elementor-button-link elementor-size-sm\" href=\"https:\/\/www.flomembers.com\/telemedicine\/members\/application\/createApplication\" target=\"_blank\" rel=\"noopener\">\n\t\t\t\t\t\t<span class=\"elementor-button-content-wrapper\">\n\t\t\t\t\t\t\t\t\t<span class=\"elementor-button-text\">Open membership application form<\/span>\n\t\t\t\t\t<\/span>\n\t\t\t\t\t<\/a>\n\t\t\t\t<\/div>\n\t\t\t\t\t\t\t\t<\/div>\n\t\t\t\t<\/div>\n\t\t\t\t<div class=\"elementor-element elementor-element-356e4ce elementor-widget elementor-widget-text-editor\" data-id=\"356e4ce\" data-element_type=\"widget\" data-e-type=\"widget\" data-widget_type=\"text-editor.default\">\n\t\t\t\t<div class=\"elementor-widget-container\">\n\t\t\t\t\t\t\t\t\t<p>The links will open in a new window in our member registration software (FloMembers) member registration window<br \/>The Board will personally inform those accepted for membership\u00a0<\/p>\t\t\t\t\t\t\t\t<\/div>\n\t\t\t\t<\/div>\n\t\t\t\t\t<\/div>\n\t\t\t\t<\/div>\n\t\t\t\t<\/div>","protected":false},"excerpt":{"rendered":"<p>Liity j\u00e4seneksi Avaa j\u00e4senyyslomake Hakemus avautuu uuteen ikkunaan j\u00e4senrekisteriohjelmistomme (FloMembers) j\u00e4senen rekister\u00f6itymisikkunaan. Valitse haettava rooli lomakkeella (henkil\u00f6j\u00e4sen, yhteis\u00f6j\u00e4sen, pienyritysj\u00e4sen, kannatusj\u00e4sen).\u00a0Hallitus ilmoittaa j\u00e4seneksi hyv\u00e4ksytyille henkil\u00f6kohtaisesti\u00a0 J\u00e4senedut J\u00e4senetuihin kuuluvat j\u00e4senkirjeet, joissa tiedotetaan ajankohtaisista telel\u00e4\u00e4ketieteen koulutustapahtumista sek\u00e4 hallituksen toiminnasta.\u00a0Seuran j\u00e4senille my\u00f6nnet\u00e4\u00e4n alennus osanottomaksuista seuran j\u00e4rjest\u00e4miin tilaisuuksiin, sek\u00e4 er\u00e4ist\u00e4 alan kirjallisuuden hankinnoista.\u00a0Liittym\u00e4ll\u00e4 j\u00e4seneksi Sinulle avautuu verkosto, jossa helposti saat kontaktin muihin asiasta kiinnostuneihin henkil\u00f6ihin.\u00a0 \u00a0 Miksi kannattaa kuulua Suomen telel\u00e4\u00e4ketieteen seuraan? Seura muodostaa ainutlaatuisen moniammatillisen eHealth ja telel\u00e4\u00e4ketieteen alan verkoston yhteydet alan eri asiantuntijoihin Korkeatasoinen vuosittainen koulutustarjonta Alennukset koulutustilaisuuksista\u00a0 J\u00e4senlehti\u00e4 ovat Finnish Journal of eHealth and eWelfare ja Journal of Telemedicine and Telecare J\u00e4senmaksuun kuuluu International Society for Telemedicine and eHealth j\u00e4senyys Jatkossa ISfTeH:n tiedotteet ja alennukset kongresseista, tieto seuran sivuilta Intra\/j\u00e4sensivujen j\u00e4senpalvelut konfferenssiesitykset suljetulla j\u00e4senalueella Yrityksille kontaktipinta alan toimijoihin Toimintamahdollisuudet tekniikan ja yritysten jaostossa tai tutkimuksen ja opetuksen jaostossa Seuran konferensseista j\u00e4senten on mahdollista saada erityisp\u00e4tevyyteen koulutusmerkint\u00f6j\u00e4. Seura antaa konferenssiin osallistumisesta osallistumistodistuksen. J\u00e4senille matka-apurahat tieteellisen ty\u00f6n esittelemiseksi kansainv\u00e4lisiss\u00e4 kongresseissa J\u00e4senten osallistuminen seuran koulutusjaoston toimintaan ja verkostoitua kollegojen kanssa Mahdollisuus osallistua et\u00e4vastaanottojaoston toimintaan Yhteis\u00f6j\u00e4senille lis\u00e4ksi: Yhteis\u00f6j\u00e4senen henkil\u00f6kunta saa alennusta koulutustilaisuuksista Toimintamahdollisuudet tekniikan ja yritysten jaostossa Yhteis\u00f6j\u00e4senen tiedot ja logo ovat nettisivuilla n\u00e4kyviss\u00e4.\u00a0 \u00a0 J\u00e4seneksi liittyminen Seuran j\u00e4senen\u00e4 olet mukana kehitt\u00e4m\u00e4ss\u00e4 e-Health ja telel\u00e4\u00e4ketieteen toimintaa maassamme. J\u00e4seneksi voi hallitus hakemuksesta hyv\u00e4ksy\u00e4 henkil\u00f6j\u00e4seni\u00e4 sek\u00e4 kannatus- ja yhteis\u00f6j\u00e4seni\u00e4, jotka toiminnallaan edist\u00e4v\u00e4t seuran tarkoitusta. Voimassaolevat j\u00e4senmaksut: henkil\u00f6j\u00e4sen on 30 \u20ac kannatusj\u00e4sen\u00a0110 \u20ac yhteis\u00f6j\u00e4senet 250 \u20ac Pienyritt\u00e4jien yhteis\u00f6j\u00e4senyys 65 \u20ac Henkil\u00f6j\u00e4senten j\u00e4senmaksu sis\u00e4lt\u00e4\u00e4 uutuutena nyt liit\u00e4nn\u00e4isj\u00e4senyyden International Society for Telemedicine ja Nordic Telemedicine Association -j\u00e4rjest\u00f6iss\u00e4. Pienyritt\u00e4jien yhteis\u00f6j\u00e4senyys on vuonna 2025 k\u00e4ynnistyv\u00e4 j\u00e4senyysmuoto, joka tarjoaa samat edut kuin yhteis\u00f6j\u00e4senyys. STeHS m\u00e4\u00e4rittelee pienyritt\u00e4jyyden yritykseksi, jossa ty\u00f6skentelee 1\u20134 henkil\u00f6\u00e4. Yrityksen on oltava rekister\u00f6ity Suomessa, ja se voi olla muodoltaan toiminimi, avoin yhti\u00f6, kommandiittiyhti\u00f6, osakeyhti\u00f6 tai osuuskunta. Avaa j\u00e4senhakemuslomake\u00a0T\u00c4ST\u00c4Linkki avautuu uuteen ikkunaan j\u00e4senrekisteriohjelmistomme (FloMembers) j\u00e4senen\u00a0 rekister\u00f6itymisikkunaan.\u00a0 Jos olet t\u00e4ll\u00e4 hetkell\u00e4 henkil\u00f6j\u00e4sen ja haluaisit siirty\u00e4 pienyritysj\u00e4seneksi ja saada n\u00e4kyvyytt\u00e4 yrityksellesi, t\u00e4yt\u00e4 hakemus T\u00c4\u00c4LL\u00c4. Hallitus ilmoittaa j\u00e4senyydest\u00e4 hyv\u00e4ksytyille henkil\u00f6kohtaisesti Avaa j\u00e4senyyslomake Hakemus avautuu uuteen ikkunaan j\u00e4senrekisteriohjelmistomme (FloMembers) j\u00e4senen rekister\u00f6itymisikkunaan.Hallitus ilmoittaa j\u00e4seneksi hyv\u00e4ksytyille henkil\u00f6kohtaisesti\u00a0<\/p>","protected":false},"author":6,"featured_media":0,"parent":0,"menu_order":0,"comment_status":"closed","ping_status":"closed","template":"","meta":{"site-sidebar-layout":"no-sidebar","site-content-layout":"page-builder","ast-site-content-layout":"default","site-content-style":"default","site-sidebar-style":"default","ast-global-header-display":"","ast-banner-title-visibility":"","ast-main-header-display":"","ast-hfb-above-header-display":"","ast-hfb-below-header-display":"","ast-hfb-mobile-header-display":"","site-post-title":"disabled","ast-breadcrumbs-content":"","ast-featured-img":"disabled","footer-sml-layout":"","ast-disable-related-posts":"","theme-transparent-header-meta":"enabled","adv-header-id-meta":"","stick-header-meta":"","header-above-stick-meta":"","header-main-stick-meta":"","header-below-stick-meta":"","astra-migrate-meta-layouts":"default","ast-page-background-enabled":"default","ast-page-background-meta":{"desktop":{"background-color":"","background-image":"","background-repeat":"repeat","background-position":"center center","background-size":"auto","background-attachment":"scroll","background-type":"","background-media":"","overlay-type":"","overlay-color":"","overlay-opacity":"","overlay-gradient":""},"tablet":{"background-color":"","background-image":"","background-repeat":"repeat","background-position":"center center","background-size":"auto","background-attachment":"scroll","background-type":"","background-media":"","overlay-type":"","overlay-color":"","overlay-opacity":"","overlay-gradient":""},"mobile":{"background-color":"","background-image":"","background-repeat":"repeat","background-position":"center center","background-size":"auto","background-attachment":"scroll","background-type":"","background-media":"","overlay-type":"","overlay-color":"","overlay-opacity":"","overlay-gradient":""}},"ast-content-background-meta":{"desktop":{"background-color":"var(--ast-global-color-5)","background-image":"","background-repeat":"repeat","background-position":"center center","background-size":"auto","background-attachment":"scroll","background-type":"","background-media":"","overlay-type":"","overlay-color":"","overlay-opacity":"","overlay-gradient":""},"tablet":{"background-color":"var(--ast-global-color-5)","background-image":"","background-repeat":"repeat","background-position":"center center","background-size":"auto","background-attachment":"scroll","background-type":"","background-media":"","overlay-type":"","overlay-color":"","overlay-opacity":"","overlay-gradient":""},"mobile":{"background-color":"var(--ast-global-color-5)","background-image":"","background-repeat":"repeat","background-position":"center center","background-size":"auto","background-attachment":"scroll","background-type":"","background-media":"","overlay-type":"","overlay-color":"","overlay-opacity":"","overlay-gradient":""}},"footnotes":""},"categories":[],"tags":[],"class_list":["post-1649","page","type-page","status-publish","hentry"],"_links":{"self":[{"href":"https:\/\/www.telemedicine.fi\/en\/wp-json\/wp\/v2\/pages\/1649","targetHints":{"allow":["GET"]}}],"collection":[{"href":"https:\/\/www.telemedicine.fi\/en\/wp-json\/wp\/v2\/pages"}],"about":[{"href":"https:\/\/www.telemedicine.fi\/en\/wp-json\/wp\/v2\/types\/page"}],"author":[{"embeddable":true,"href":"https:\/\/www.telemedicine.fi\/en\/wp-json\/wp\/v2\/users\/6"}],"replies":[{"embeddable":true,"href":"https:\/\/www.telemedicine.fi\/en\/wp-json\/wp\/v2\/comments?post=1649"}],"version-history":[{"count":64,"href":"https:\/\/www.telemedicine.fi\/en\/wp-json\/wp\/v2\/pages\/1649\/revisions"}],"predecessor-version":[{"id":3312,"href":"https:\/\/www.telemedicine.fi\/en\/wp-json\/wp\/v2\/pages\/1649\/revisions\/3312"}],"wp:attachment":[{"href":"https:\/\/www.telemedicine.fi\/en\/wp-json\/wp\/v2\/media?parent=1649"}],"wp:term":[{"taxonomy":"category","embeddable":true,"href":"https:\/\/www.telemedicine.fi\/en\/wp-json\/wp\/v2\/categories?post=1649"},{"taxonomy":"post_tag","embeddable":true,"href":"https:\/\/www.telemedicine.fi\/en\/wp-json\/wp\/v2\/tags?post=1649"}],"curies":[{"name":"wp","href":"https:\/\/api.w.org\/{rel}","templated":true}]}}