{"id":1618,"date":"2024-12-08T05:29:14","date_gmt":"2024-12-08T05:29:14","guid":{"rendered":"https:\/\/stehs.verkkokauppakuiskaaja.zoner.dev\/?page_id=1618"},"modified":"2026-02-10T19:21:56","modified_gmt":"2026-02-10T17:21:56","slug":"jaokset","status":"publish","type":"page","link":"https:\/\/www.telemedicine.fi\/en\/jaokset\/","title":{"rendered":"Divisions"},"content":{"rendered":"<div data-elementor-type=\"wp-post\" data-elementor-id=\"1618\" class=\"elementor elementor-1618\">\n\t\t\t\t<div class=\"elementor-element elementor-element-1eed5a7 e-flex e-con-boxed wpr-particle-no wpr-jarallax-no wpr-parallax-no wpr-sticky-section-no wpr-equal-height-no e-con e-parent\" data-id=\"1eed5a7\" data-element_type=\"container\" data-e-type=\"container\" data-settings=\"{&quot;background_background&quot;:&quot;classic&quot;}\">\n\t\t\t\t\t<div class=\"e-con-inner\">\n\t\t<div class=\"elementor-element elementor-element-1f55a68 e-con-full e-flex wpr-particle-no wpr-jarallax-no wpr-parallax-no wpr-sticky-section-no wpr-equal-height-no e-con e-child\" data-id=\"1f55a68\" data-element_type=\"container\" data-e-type=\"container\">\n\t\t\t\t<div class=\"elementor-element elementor-element-3af6aa7 elementor-widget elementor-widget-heading\" data-id=\"3af6aa7\" data-element_type=\"widget\" data-e-type=\"widget\" data-widget_type=\"heading.default\">\n\t\t\t\t<div class=\"elementor-widget-container\">\n\t\t\t\t\t<h1 class=\"elementor-heading-title elementor-size-default\">Divisions<\/h1>\t\t\t\t<\/div>\n\t\t\t\t<\/div>\n\t\t\t\t<\/div>\n\t\t\t\t\t<\/div>\n\t\t\t\t<\/div>\n\t\t<div class=\"elementor-element elementor-element-dca889f e-flex e-con-boxed wpr-particle-no wpr-jarallax-no wpr-parallax-no wpr-sticky-section-no wpr-equal-height-no e-con e-parent\" data-id=\"dca889f\" data-element_type=\"container\" data-e-type=\"container\">\n\t\t\t\t\t<div class=\"e-con-inner\">\n\t\t\t\t<div class=\"elementor-element elementor-element-a851b40 elementor-widget elementor-widget-heading\" data-id=\"a851b40\" data-element_type=\"widget\" data-e-type=\"widget\" data-widget_type=\"heading.default\">\n\t\t\t\t<div class=\"elementor-widget-container\">\n\t\t\t\t\t<h2 class=\"elementor-heading-title elementor-size-default\">Et\u00e4vastaanottojaos<\/h2>\t\t\t\t<\/div>\n\t\t\t\t<\/div>\n\t\t\t\t<div class=\"elementor-element elementor-element-7def9a1 elementor-widget__width-initial elementor-widget elementor-widget-text-editor\" data-id=\"7def9a1\" data-element_type=\"widget\" data-e-type=\"widget\" data-widget_type=\"text-editor.default\">\n\t\t\t\t<div class=\"elementor-widget-container\">\n\t\t\t\t\t\t\t\t\t<ul><li><span class=\"NormalTextRun SCXW108922197 BCX8\">edist\u00e4\u00e4 et\u00e4vastaanottotoiminnan<\/span><span class=\"NormalTextRun SCXW108922197 BCX8\"> k\u00e4yt\u00e4nt\u00f6jen yhten\u00e4ist\u00e4mist\u00e4 kansallisella tasolla,<\/span><\/li><li><span class=\"NormalTextRun SCXW108922197 BCX8\">tarjoa<\/span><span class=\"NormalTextRun SCXW108922197 BCX8\">a<\/span><span class=\"NormalTextRun SCXW108922197 BCX8\">\u00a0koulutusta ja <\/span><\/li><li><span class=\"NormalTextRun SCXW108922197 BCX8\">lu<\/span><span class=\"NormalTextRun SCXW108922197 BCX8\">o<\/span><span class=\"NormalTextRun SCXW108922197 BCX8\">\u00a0keskustelua aiheen ymp\u00e4rill\u00e4.<\/span><\/li><\/ul><p><strong>Who to contact:<\/strong><\/p><ul><li>Paula Veikkolainen, communication@telemedicine.fi<\/li><\/ul>\t\t\t\t\t\t\t\t<\/div>\n\t\t\t\t<\/div>\n\t\t\t\t\t<\/div>\n\t\t\t\t<\/div>\n\t\t<div class=\"elementor-element elementor-element-755060d e-flex e-con-boxed wpr-particle-no wpr-jarallax-no wpr-parallax-no wpr-sticky-section-no wpr-equal-height-no e-con e-parent\" data-id=\"755060d\" data-element_type=\"container\" data-e-type=\"container\">\n\t\t\t\t\t<div class=\"e-con-inner\">\n\t\t\t\t<div class=\"elementor-element elementor-element-ca9955b elementor-widget elementor-widget-heading\" data-id=\"ca9955b\" data-element_type=\"widget\" data-e-type=\"widget\" data-widget_type=\"heading.default\">\n\t\t\t\t<div class=\"elementor-widget-container\">\n\t\t\t\t\t<h2 class=\"elementor-heading-title elementor-size-default\">Business Division<\/h2>\t\t\t\t<\/div>\n\t\t\t\t<\/div>\n\t\t\t\t<div class=\"elementor-element elementor-element-585ae5c elementor-widget__width-initial elementor-widget elementor-widget-text-editor\" data-id=\"585ae5c\" data-element_type=\"widget\" data-e-type=\"widget\" data-widget_type=\"text-editor.default\">\n\t\t\t\t<div class=\"elementor-widget-container\">\n\t\t\t\t\t\t\t\t\t<ul><li>Act as a network for companies interested in telemedicine and eHealth\u00a0<\/li><li>Organise seminars and workshops of interest to businesses as required<\/li><li>Provides information on current issues and training<\/li><\/ul><p><strong>Who to contact:<\/strong><\/p><ul><li>Birgitta Tetri, birgitta.tetri@laurea.fi<\/li><li>Anna Lahti, members@telemedicine.fi<\/li><\/ul>\t\t\t\t\t\t\t\t<\/div>\n\t\t\t\t<\/div>\n\t\t\t\t\t<\/div>\n\t\t\t\t<\/div>\n\t\t\t\t<\/div>","protected":false},"excerpt":{"rendered":"<p>Jaokset Et\u00e4vastaanottojaos edist\u00e4\u00e4 et\u00e4vastaanottotoiminnan k\u00e4yt\u00e4nt\u00f6jen yhten\u00e4ist\u00e4mist\u00e4 kansallisella tasolla, tarjoaa\u00a0koulutusta ja luo\u00a0keskustelua aiheen ymp\u00e4rill\u00e4. Yhteyshenkil\u00f6: Paula Veikkolainen, communication@telemedicine.fi Yritysjaos Toimii verkostona telel\u00e4\u00e4ketieteen ja eHealth \u2013 alueesta kiinnostuneille yrityksille\u00a0 J\u00e4rjest\u00e4\u00e4 yrityksi\u00e4 kiinnostavia seminaareja ja workshoppeja tarpeen mukaan Tiedottaa ajankohtaisista asioista ja koulutuksista Yhteyshenkil\u00f6t: Birgitta Tetri, birgitta.tetri@laurea.fi Anna Lahti, members@telemedicine.fi<\/p>","protected":false},"author":6,"featured_media":0,"parent":0,"menu_order":0,"comment_status":"closed","ping_status":"closed","template":"","meta":{"site-sidebar-layout":"no-sidebar","site-content-layout":"page-builder","ast-site-content-layout":"default","site-content-style":"default","site-sidebar-style":"default","ast-global-header-display":"","ast-banner-title-visibility":"","ast-main-header-display":"","ast-hfb-above-header-display":"","ast-hfb-below-header-display":"","ast-hfb-mobile-header-display":"","site-post-title":"disabled","ast-breadcrumbs-content":"","ast-featured-img":"disabled","footer-sml-layout":"","ast-disable-related-posts":"","theme-transparent-header-meta":"enabled","adv-header-id-meta":"","stick-header-meta":"","header-above-stick-meta":"","header-main-stick-meta":"","header-below-stick-meta":"","astra-migrate-meta-layouts":"default","ast-page-background-enabled":"default","ast-page-background-meta":{"desktop":{"background-color":"","background-image":"","background-repeat":"repeat","background-position":"center center","background-size":"auto","background-attachment":"scroll","background-type":"","background-media":"","overlay-type":"","overlay-color":"","overlay-opacity":"","overlay-gradient":""},"tablet":{"background-color":"","background-image":"","background-repeat":"repeat","background-position":"center center","background-size":"auto","background-attachment":"scroll","background-type":"","background-media":"","overlay-type":"","overlay-color":"","overlay-opacity":"","overlay-gradient":""},"mobile":{"background-color":"","background-image":"","background-repeat":"repeat","background-position":"center center","background-size":"auto","background-attachment":"scroll","background-type":"","background-media":"","overlay-type":"","overlay-color":"","overlay-opacity":"","overlay-gradient":""}},"ast-content-background-meta":{"desktop":{"background-color":"var(--ast-global-color-5)","background-image":"","background-repeat":"repeat","background-position":"center center","background-size":"auto","background-attachment":"scroll","background-type":"","background-media":"","overlay-type":"","overlay-color":"","overlay-opacity":"","overlay-gradient":""},"tablet":{"background-color":"var(--ast-global-color-5)","background-image":"","background-repeat":"repeat","background-position":"center center","background-size":"auto","background-attachment":"scroll","background-type":"","background-media":"","overlay-type":"","overlay-color":"","overlay-opacity":"","overlay-gradient":""},"mobile":{"background-color":"var(--ast-global-color-5)","background-image":"","background-repeat":"repeat","background-position":"center center","background-size":"auto","background-attachment":"scroll","background-type":"","background-media":"","overlay-type":"","overlay-color":"","overlay-opacity":"","overlay-gradient":""}},"footnotes":""},"categories":[],"tags":[],"class_list":["post-1618","page","type-page","status-publish","hentry"],"_links":{"self":[{"href":"https:\/\/www.telemedicine.fi\/en\/wp-json\/wp\/v2\/pages\/1618","targetHints":{"allow":["GET"]}}],"collection":[{"href":"https:\/\/www.telemedicine.fi\/en\/wp-json\/wp\/v2\/pages"}],"about":[{"href":"https:\/\/www.telemedicine.fi\/en\/wp-json\/wp\/v2\/types\/page"}],"author":[{"embeddable":true,"href":"https:\/\/www.telemedicine.fi\/en\/wp-json\/wp\/v2\/users\/6"}],"replies":[{"embeddable":true,"href":"https:\/\/www.telemedicine.fi\/en\/wp-json\/wp\/v2\/comments?post=1618"}],"version-history":[{"count":19,"href":"https:\/\/www.telemedicine.fi\/en\/wp-json\/wp\/v2\/pages\/1618\/revisions"}],"predecessor-version":[{"id":3973,"href":"https:\/\/www.telemedicine.fi\/en\/wp-json\/wp\/v2\/pages\/1618\/revisions\/3973"}],"wp:attachment":[{"href":"https:\/\/www.telemedicine.fi\/en\/wp-json\/wp\/v2\/media?parent=1618"}],"wp:term":[{"taxonomy":"category","embeddable":true,"href":"https:\/\/www.telemedicine.fi\/en\/wp-json\/wp\/v2\/categories?post=1618"},{"taxonomy":"post_tag","embeddable":true,"href":"https:\/\/www.telemedicine.fi\/en\/wp-json\/wp\/v2\/tags?post=1618"}],"curies":[{"name":"wp","href":"https:\/\/api.w.org\/{rel}","templated":true}]}}