{"id":1495,"date":"2024-12-08T05:22:20","date_gmt":"2024-12-08T05:22:20","guid":{"rendered":"https:\/\/stehs.verkkokauppakuiskaaja.zoner.dev\/?page_id=1495"},"modified":"2025-10-27T19:06:23","modified_gmt":"2025-10-27T17:06:23","slug":"julkaisut","status":"publish","type":"page","link":"https:\/\/www.telemedicine.fi\/en\/julkaisut\/","title":{"rendered":"Publications"},"content":{"rendered":"<div data-elementor-type=\"wp-post\" data-elementor-id=\"1495\" class=\"elementor elementor-1495\">\n\t\t\t\t<div class=\"elementor-element elementor-element-1eed5a7 e-flex e-con-boxed wpr-particle-no wpr-jarallax-no wpr-parallax-no wpr-sticky-section-no wpr-equal-height-no e-con e-parent\" data-id=\"1eed5a7\" data-element_type=\"container\" data-e-type=\"container\" data-settings=\"{&quot;background_background&quot;:&quot;classic&quot;}\">\n\t\t\t\t\t<div class=\"e-con-inner\">\n\t\t<div class=\"elementor-element elementor-element-1f55a68 e-con-full e-flex wpr-particle-no wpr-jarallax-no wpr-parallax-no wpr-sticky-section-no wpr-equal-height-no e-con e-child\" data-id=\"1f55a68\" data-element_type=\"container\" data-e-type=\"container\">\n\t\t\t\t<div class=\"elementor-element elementor-element-3af6aa7 elementor-widget elementor-widget-heading\" data-id=\"3af6aa7\" data-element_type=\"widget\" data-e-type=\"widget\" data-widget_type=\"heading.default\">\n\t\t\t\t<div class=\"elementor-widget-container\">\n\t\t\t\t\t<h1 class=\"elementor-heading-title elementor-size-default\">Publications<\/h1>\t\t\t\t<\/div>\n\t\t\t\t<\/div>\n\t\t\t\t<\/div>\n\t\t\t\t\t<\/div>\n\t\t\t\t<\/div>\n\t\t<div class=\"elementor-element elementor-element-80462f0 e-flex e-con-boxed wpr-particle-no wpr-jarallax-no wpr-parallax-no wpr-sticky-section-no wpr-equal-height-no e-con e-parent\" data-id=\"80462f0\" data-element_type=\"container\" data-e-type=\"container\" data-settings=\"{&quot;background_background&quot;:&quot;classic&quot;}\">\n\t\t\t\t\t<div class=\"e-con-inner\">\n\t\t<div class=\"elementor-element elementor-element-65f3d48 e-con-full e-flex wpr-particle-no wpr-jarallax-no wpr-parallax-no wpr-sticky-section-no wpr-equal-height-no e-con e-child\" data-id=\"65f3d48\" data-element_type=\"container\" data-e-type=\"container\">\n\t\t\t\t<div class=\"elementor-element elementor-element-2a66499 elementor-invisible elementor-widget elementor-widget-heading\" data-id=\"2a66499\" data-element_type=\"widget\" data-e-type=\"widget\" data-settings=\"{&quot;_animation&quot;:&quot;fadeIn&quot;}\" data-widget_type=\"heading.default\">\n\t\t\t\t<div class=\"elementor-widget-container\">\n\t\t\t\t\t<h2 class=\"elementor-heading-title elementor-size-default\">Scientific journal:<\/h2>\t\t\t\t<\/div>\n\t\t\t\t<\/div>\n\t\t\t\t<div class=\"elementor-element elementor-element-ba28ebe elementor-widget elementor-widget-text-editor\" data-id=\"ba28ebe\" data-element_type=\"widget\" data-e-type=\"widget\" data-widget_type=\"text-editor.default\">\n\t\t\t\t<div class=\"elementor-widget-container\">\n\t\t\t\t\t\t\t\t\t<p><span style=\"font-style: inherit; font-weight: inherit; color: var(--ast-global-color-3);\">Finnish Journal of eHealth and eWelfare (FinJeHeW),\u00a0<\/span><a style=\"font-style: inherit; font-weight: inherit; background-color: #ffffff;\" href=\"http:\/\/www.finjehew.fi\/\" target=\"_blank\" rel=\"noopener\">https:\/\/www.finjehew.fi<\/a><\/p><p>FinJeHeW is a scientific journal published jointly by the Finnish Society for Telemedicine and eHealth and the Finnish Association for Social and Health Care Informatics since 2009. The journal belongs to publication platform category 1. The ISSN of the journal is 1798-0798.<\/p><p>FinJeHeW ottaa vastaan tieteellisi\u00e4 artikkeleita sek\u00e4 muuta aineistoa sosiaali- ja terveydenhuollon informaatioteknologiasta, telel\u00e4\u00e4ketieteest\u00e4 ja eHealth-alalta. Kirjoitusohjeet ovat lehden sivustolla. Lehti on p\u00e4\u00e4asiassa suomenkielinen, mutta siin\u00e4 on artikkeleita, niiden tiivistelmi\u00e4 ja muuta aineistoa englanniksi. Lehti noudattaa k\u00e4sikirjoitusten arvioinnissa kahden refereen menettely\u00e4. Lehti ilmestyy ainakin nelj\u00e4 numeroa vuodessa verkkojulkaisuna pdf-muodossa. Lehden kukin numero on vapaasti saatavissa verkosta\u00a0<a href=\"http:\/\/www.finjehew.fi\/\" target=\"_blank\" rel=\"noopener\">www.finjehew.fi<\/a>.<\/p>\t\t\t\t\t\t\t\t<\/div>\n\t\t\t\t<\/div>\n\t\t<div class=\"elementor-element elementor-element-ba8f1eb e-con-full e-flex wpr-particle-no wpr-jarallax-no wpr-parallax-no wpr-sticky-section-no wpr-equal-height-no e-con e-child\" data-id=\"ba8f1eb\" data-element_type=\"container\" data-e-type=\"container\">\n\t\t\t\t<div class=\"elementor-element elementor-element-6fc7730 elementor-widget elementor-widget-heading\" data-id=\"6fc7730\" data-element_type=\"widget\" data-e-type=\"widget\" data-widget_type=\"heading.default\">\n\t\t\t\t<div class=\"elementor-widget-container\">\n\t\t\t\t\t<h2 class=\"elementor-heading-title elementor-size-default\">Seuran 30-vuotishistoriikki<\/h2>\t\t\t\t<\/div>\n\t\t\t\t<\/div>\n\t\t<div class=\"elementor-element elementor-element-96e641e e-con-full e-flex wpr-particle-no wpr-jarallax-no wpr-parallax-no wpr-sticky-section-no wpr-equal-height-no e-con e-child\" data-id=\"96e641e\" data-element_type=\"container\" data-e-type=\"container\">\n\t\t\t\t<div class=\"elementor-element elementor-element-527fb3a elementor-widget elementor-widget-text-editor\" data-id=\"527fb3a\" data-element_type=\"widget\" data-e-type=\"widget\" data-widget_type=\"text-editor.default\">\n\t\t\t\t<div class=\"elementor-widget-container\">\n\t\t\t\t\t\t\t\t\t<ul><li>30 VUOTTA KEHITYKSEN K\u00c4RJESS\u00c4 &#8211; Suomen telel\u00e4\u00e4ketieteen ja e-Health seura 1995-2025, \u00a02025, <a href=\"https:\/\/www.telemedicine.fi\/en\/product\/seuran-30-vuotishistoriikki-30-vuotta-kehityksen-karjessa\/\">ISBN 978-952-65791-1-5 (PDF)<\/a><\/li><\/ul>\t\t\t\t\t\t\t\t<\/div>\n\t\t\t\t<\/div>\n\t\t\t\t<\/div>\n\t\t\t\t<\/div>\n\t\t\t\t<\/div>\n\t\t\t\t\t<\/div>\n\t\t\t\t<\/div>\n\t\t<div class=\"elementor-element elementor-element-b6ef7e4 e-flex e-con-boxed wpr-particle-no wpr-jarallax-no wpr-parallax-no wpr-sticky-section-no wpr-equal-height-no e-con e-parent\" data-id=\"b6ef7e4\" data-element_type=\"container\" data-e-type=\"container\" id=\"konferenssijulkaisut\" data-settings=\"{&quot;background_background&quot;:&quot;classic&quot;}\">\n\t\t\t\t\t<div class=\"e-con-inner\">\n\t\t<div class=\"elementor-element elementor-element-7b28c08 e-con-full e-flex wpr-particle-no wpr-jarallax-no wpr-parallax-no wpr-sticky-section-no wpr-equal-height-no e-con e-child\" data-id=\"7b28c08\" data-element_type=\"container\" data-e-type=\"container\">\n\t\t\t\t<div class=\"elementor-element elementor-element-676a8cc elementor-invisible elementor-widget elementor-widget-heading\" data-id=\"676a8cc\" data-element_type=\"widget\" data-e-type=\"widget\" data-settings=\"{&quot;_animation&quot;:&quot;fadeIn&quot;}\" data-widget_type=\"heading.default\">\n\t\t\t\t<div class=\"elementor-widget-container\">\n\t\t\t\t\t<h2 class=\"elementor-heading-title elementor-size-default\">Conference publications:<\/h2>\t\t\t\t<\/div>\n\t\t\t\t<\/div>\n\t\t\t\t<div class=\"elementor-element elementor-element-5ce9f96 elementor-widget elementor-widget-text-editor\" data-id=\"5ce9f96\" data-element_type=\"widget\" data-e-type=\"widget\" data-widget_type=\"text-editor.default\">\n\t\t\t\t<div class=\"elementor-widget-container\">\n\t\t\t\t\t\t\t\t\t<ul><li>XXX Kansallinen telel\u00e4\u00e4ketieteen ja eHealth seminaari, #eHealth2025: Strengthening Interoperability and Equality in Digital Health with Nordic Innovations, 2025, <a href=\"https:\/\/www.telemedicine.fi\/wp-content\/uploads\/2025\/09\/978-952-65791-3-9_2025_eHealth2025-International-Conference.pdf\" target=\"_blank\" rel=\"noopener\">ISBN 978-952-65791-3-9 (PDF)<\/a><\/li><li>XXIX National Seminar on Telemedicine and eHealth, #eHealth2024: From Research to Impact on Digital Health and Welfare Services, 2024,\u00a0<a href=\"https:\/\/www.telemedicine.fi\/wp-content\/uploads\/2024\/12\/978-952-69224-9-2_2024_eHealth2024-International-Conference.pdf\" target=\"_blank\" rel=\"noopener\">ISBN 978-952-69224-9-2 (PDF)<\/a><\/li><li>XXVIII National Telemedicine and eHealth Seminar, #eHealth2023: Human oriented approach in eHealth and digital services, 2023,\u00a0<a title=\"eHealth 2023 Conference book\" href=\"https:\/\/www.telemedicine.fi\/wp-content\/uploads\/2024\/12\/978-962-69224-8-5_2023_eHealth2023-International-Conference.pdf\" target=\"_blank\" rel=\"noopener\">ISBN 978-952-69224-8-5<\/a>\u00a0(pdf)<\/li><li>XXVII\u00a0National Telemedicine and eHealth Seminar, #eHealth2022:\u00a0Digital Health \u2013 from Research to Applied Solutions, 2022,\u00a0<a href=\"https:\/\/www.telemedicine.fi\/wp-content\/uploads\/2024\/12\/978-952-69224-6-1_2022_eHealth2022-International-Conference.pdf\" target=\"_blank\" rel=\"noopener\">ISBN 978-952-69224-6-1<\/a>\u00a0(PDF)<\/li><li>XXVI National Telemedicine and eHealth Seminar,  #eHealth2021:\u00a0eHealth in a Lifecycle, 2021,\u00a0<a href=\"https:\/\/www.telemedicine.fi\/wp-content\/uploads\/2024\/12\/978-952-69224-4-7_2021_eHealth2021-konferenssi.pdf\" target=\"_blank\" rel=\"noopener\">ISBN: 978-952-69224-4-7<\/a>\u00a0(pdf)<\/li><li>XXV National Telemedicine and eHealth Seminar, eHealth2020: From Dream to Reality, 2020,\u00a0<a href=\"https:\/\/www.telemedicine.fi\/wp-content\/uploads\/2024\/12\/978-952-69224-2-3_2020_eHealth2020-International-Conference.pdf\" target=\"_blank\" rel=\"noopener\">ISBN: 978-952-69224-2-3<\/a>\u00a0(pdf)<\/li><li>XXIV National Telemedicine and eHealth Seminar,  eHealth2019: Data-Driven Health, 2019,\u00a0<a href=\"https:\/\/www.telemedicine.fi\/wp-content\/uploads\/2024\/12\/978-952-68112-9-1_2019_eHealth-konferenssi.pdf\" target=\"_blank\" rel=\"noopener\">ISBN: 978-952-68112-9-1<\/a>\u00a0(pdf)<\/li><li>XXII National Telemedicine and eHealth Seminar,  eHealth2018: Health communities facing cyber transformation, 2018,\u00a0<a href=\"https:\/\/www.telemedicine.fi\/wp-content\/uploads\/2024\/12\/978-952-68112-8-4_2018_eHealth-seminaari.pdf\" target=\"_blank\" rel=\"noopener\">ISBN: 978-952-68112-8-4<\/a>\u00a0(pdf)<\/li><li>XXII National Telemedicine and eHealth Seminar, Win-Win-Win, for citizens, professionals and society, 2017,\u00a0<a href=\"https:\/\/www.telemedicine.fi\/wp-content\/uploads\/2024\/12\/978-952-68112-6-0_2017_eHealth-seminaari.pdf\" target=\"_blank\" rel=\"noopener\">ISBN: 978-952-68112-6-0<\/a>\u00a0(pdf)<\/li><li>XXI National Telemedicine and eHealth Seminar, Nordic eHealth2016 Culture of experimentation and digitalisation, 2016,\u00a0<a href=\"https:\/\/www.telemedicine.fi\/wp-content\/uploads\/2024\/12\/978-952-68112-4-6_2016_eHealth-Nordic-Conference.pdf\" target=\"_blank\" rel=\"noopener\">ISBN: 978-952-68112-4-6<\/a>\u00a0(pdf)<\/li><li>XX National Telemedicine and eHealth Seminar, eHealth, an engine for change, 2015,\u00a0<a href=\"https:\/\/www.telemedicine.fi\/wp-content\/uploads\/2024\/12\/978-952-68112-2-2_2015_eHealth-seminaari.pdf\" target=\"_blank\" rel=\"noopener\">ISBN: 978-952-68112-2-2<\/a>\u00a0(pdf)<\/li><li>XIX National Telemedicine and eHealth Seminar, Towards effective eHealth, 2014,\u00a0<a href=\"https:\/\/www.telemedicine.fi\/wp-content\/uploads\/2024\/12\/978-952-67213-9-2_2014_eHealth-seminaari.pdf\" target=\"_blank\" rel=\"noopener\">ISBN: 978-952-67213-9-2<\/a>\u00a0(pdf)<\/li><li>XVIII Kansallinen telel\u00e4\u00e4ketieteen ja eHealth seminaari: Teknologiatalkoilla parempiin hoitotuloksiin, 2013,\u00a0<a href=\"https:\/\/www.telemedicine.fi\/wp-content\/uploads\/2024\/12\/978-952-67213-8-5_2013_eHealth-seminaari.pdf\" target=\"_blank\" rel=\"noopener\">ISBN: 978-952-67213-8-5<\/a>\u00a0(pdf)<\/li><li>XVII Kansallinen telel\u00e4\u00e4ketieteen ja eHealth seminaari: Tietoa tarpeeseen, 2012,\u00a0<a href=\"https:\/\/www.telemedicine.fi\/wp-content\/uploads\/2024\/12\/978-952-67213-6-1_2012_eHealth-seminaari.pdf\" target=\"_blank\" rel=\"noopener\">ISBN: 978-952-67213-6-1<\/a>\u00a0(pdf)<\/li><li>XVI Kansallinen telel\u00e4\u00e4ketieteen ja eHealth seminaari: Maalta maailmalle &#8211; Aluemalli terveyspalveluiden kehitt\u00e4misess\u00e4, 2011,\u00a0<a href=\"https:\/\/www.telemedicine.fi\/wp-content\/uploads\/2024\/12\/978-952-67213-4-7_2011_eHealth-seminaari.pdf\" target=\"_blank\" rel=\"noopener\">ISBN: 978-952-67213-4-7<\/a>\u00a0(pdf)<\/li><li>XV Kansallinen telel\u00e4\u00e4ketieteen ja eHealth seminaari: Katse yli rajojen, 2010,\u00a0<a href=\"https:\/\/www.telemedicine.fi\/wp-content\/uploads\/2024\/12\/978-952-67213-2-3_2010_eHealth-seminaari.pdf\" target=\"_blank\" rel=\"noopener\">ISBN: 978-952-67213-2-3<\/a>\u00a0(pdf)<\/li><li>XIV Kansallinen telel\u00e4\u00e4ketieteen ja eHealth seminaari: Terveytt\u00e4 verkosta ja verkostosta, 2009,\u00a0<a href=\"https:\/\/www.telemedicine.fi\/wp-content\/uploads\/2024\/12\/978-952-67213-0-9_2009_eHealth-seminaari.pdf\" target=\"_blank\" rel=\"noopener\">ISBN: 978-952-67213-0-9<\/a>\u00a0(pdf)<\/li><li>XIII Kansallinen telel\u00e4\u00e4ketieteen ja eHealth seminaari:\u00a0<a href=\"https:\/\/www.telemedicine.fi\/wp-content\/uploads\/2024\/12\/2008-STeHS_XIII_seminaarikirja_2008_eHealth-seminaari.pdf\" target=\"_blank\" rel=\"noopener\">e-Health kansalaisen palveluksessa<\/a>, 2008 (pdf)<\/li><\/ul>\t\t\t\t\t\t\t\t<\/div>\n\t\t\t\t<\/div>\n\t\t\t\t<\/div>\n\t\t\t\t\t<\/div>\n\t\t\t\t<\/div>\n\t\t\t\t<\/div>","protected":false},"excerpt":{"rendered":"<p>Julkaisut Tieteellinen lehti: Finnish Journal of eHealth and eWelfare (FinJeHeW),\u00a0http:\/\/www.finjehew.fi FinJeHeW on Suomen Telel\u00e4\u00e4ketieteen ja eHealth-seuran ja Sosiaali- ja terveydenhuollon tietojenk\u00e4sittely-yhdistyksen yhteisesti vuodesta 2009 alkaen julkaisema tieteellinen lehti. Lehti kuuluu julkaisufoorumi-luokkaan 1. Lehden ISSN-tunnus on 1798-0798. FinJeHeW ottaa vastaan tieteellisi\u00e4 artikkeleita sek\u00e4 muuta aineistoa sosiaali- ja terveydenhuollon informaatioteknologiasta, telel\u00e4\u00e4ketieteest\u00e4 ja eHealth-alalta. Kirjoitusohjeet ovat lehden sivustolla. Lehti on p\u00e4\u00e4asiassa suomenkielinen, mutta siin\u00e4 on artikkeleita, niiden tiivistelmi\u00e4 ja muuta aineistoa englanniksi. Lehti noudattaa k\u00e4sikirjoitusten arvioinnissa kahden refereen menettely\u00e4. Lehti ilmestyy ainakin nelj\u00e4 numeroa vuodessa verkkojulkaisuna pdf-muodossa. Lehden kukin numero on vapaasti saatavissa verkosta\u00a0www.finjehew.fi. Seuran 30-vuotishistoriikki 30 VUOTTA KEHITYKSEN K\u00c4RJESS\u00c4 &#8211; Suomen telel\u00e4\u00e4ketieteen ja e-Health seura 1995-2025, \u00a02025, ISBN 978-952-65791-1-5 (PDF) Konferenssijulkaisut: XXX Kansallinen telel\u00e4\u00e4ketieteen ja eHealth seminaari, #eHealth2025: Strengthening Interoperability and Equality in Digital Health with Nordic Innovations, 2025, ISBN 978-952-65791-3-9 (PDF) XXIX Kansallinen telel\u00e4\u00e4ketieteen ja eHealth seminaari, #eHealth2024: From Research to Impact on Digital Health and Welfare Services, 2024,\u00a0ISBN 978-952-69224-9-2 (PDF) XXVIII Kansallinen telel\u00e4\u00e4ketieteen ja eHealth seminaari, #eHealth2023: Human oriented approach in eHealth and digital services, 2023,\u00a0ISBN 978-952-69224-8-5\u00a0(pdf) XXVII\u00a0Kansallinen telel\u00e4\u00e4ketieteen ja eHealth seminaari, #eHealth2022:\u00a0Digital Health &#8211; from Research to Applied Solutions, 2022,\u00a0ISBN 978-952-69224-6-1\u00a0(PDF) XXVI Kansallinen telel\u00e4\u00e4ketieteen ja eHealth seminaari, #eHealth2021:\u00a0eHealth in a Lifecycle, 2021,\u00a0ISBN: 978-952-69224-4-7\u00a0(pdf) XXV Kansallinen telel\u00e4\u00e4ketieteen ja eHealth seminaari, eHealth2020: From Dream to Reality, 2020,\u00a0ISBN: 978-952-69224-2-3\u00a0(pdf) XXIV Kansallinen telel\u00e4\u00e4ketieteen ja eHealth seminaari, eHealth2019: Data-Driven Health, 2019,\u00a0ISBN: 978-952-68112-9-1\u00a0(pdf) XXIII Kansallinen telel\u00e4\u00e4ketieteen ja eHealth seminaari, eHealth2018: Health communities facing cyber transformation, 2018,\u00a0ISBN: 978-952-68112-8-4\u00a0(pdf) XXII Kansallinen telel\u00e4\u00e4ketieteen ja eHealth seminaari: Win-Win-Win, voittaako kansalainen, ammattilainen ja yhteiskunta?, 2017,\u00a0ISBN: 978-952-68112-6-0\u00a0(pdf) XXI Kansallinen telel\u00e4\u00e4ketieteen ja eHealth seminaari, Nordic eHealth2016 Kokeilukulttuuri ja digitalisaatio, 2016,\u00a0ISBN: 978-952-68112-4-6\u00a0(pdf) XX Kansallinen telel\u00e4\u00e4ketieteen ja eHealth seminaari: eHealth, muutoksen moottori, 2015,\u00a0ISBN: 978-952-68112-2-2\u00a0(pdf) XIX Kansallinen telel\u00e4\u00e4ketieteen ja eHealth seminaari: Matkalla vaikuttavaan eTerveyteen, 2014,\u00a0ISBN: 978-952-67213-9-2\u00a0(pdf) XVIII Kansallinen telel\u00e4\u00e4ketieteen ja eHealth seminaari: Teknologiatalkoilla parempiin hoitotuloksiin, 2013,\u00a0ISBN: 978-952-67213-8-5\u00a0(pdf) XVII Kansallinen telel\u00e4\u00e4ketieteen ja eHealth seminaari: Tietoa tarpeeseen, 2012,\u00a0ISBN: 978-952-67213-6-1\u00a0(pdf) XVI Kansallinen telel\u00e4\u00e4ketieteen ja eHealth seminaari: Maalta maailmalle &#8211; Aluemalli terveyspalveluiden kehitt\u00e4misess\u00e4, 2011,\u00a0ISBN: 978-952-67213-4-7\u00a0(pdf) XV Kansallinen telel\u00e4\u00e4ketieteen ja eHealth seminaari: Katse yli rajojen, 2010,\u00a0ISBN: 978-952-67213-2-3\u00a0(pdf) XIV Kansallinen telel\u00e4\u00e4ketieteen ja eHealth seminaari: Terveytt\u00e4 verkosta ja verkostosta, 2009,\u00a0ISBN: 978-952-67213-0-9\u00a0(pdf) XIII Kansallinen telel\u00e4\u00e4ketieteen ja eHealth seminaari:\u00a0e-Health kansalaisen palveluksessa, 2008 (pdf)<\/p>","protected":false},"author":6,"featured_media":0,"parent":0,"menu_order":0,"comment_status":"closed","ping_status":"closed","template":"","meta":{"site-sidebar-layout":"no-sidebar","site-content-layout":"page-builder","ast-site-content-layout":"default","site-content-style":"default","site-sidebar-style":"default","ast-global-header-display":"","ast-banner-title-visibility":"","ast-main-header-display":"","ast-hfb-above-header-display":"","ast-hfb-below-header-display":"","ast-hfb-mobile-header-display":"","site-post-title":"disabled","ast-breadcrumbs-content":"","ast-featured-img":"disabled","footer-sml-layout":"","ast-disable-related-posts":"","theme-transparent-header-meta":"enabled","adv-header-id-meta":"","stick-header-meta":"","header-above-stick-meta":"","header-main-stick-meta":"","header-below-stick-meta":"","astra-migrate-meta-layouts":"default","ast-page-background-enabled":"default","ast-page-background-meta":{"desktop":{"background-color":"","background-image":"","background-repeat":"repeat","background-position":"center center","background-size":"auto","background-attachment":"scroll","background-type":"","background-media":"","overlay-type":"","overlay-color":"","overlay-opacity":"","overlay-gradient":""},"tablet":{"background-color":"","background-image":"","background-repeat":"repeat","background-position":"center center","background-size":"auto","background-attachment":"scroll","background-type":"","background-media":"","overlay-type":"","overlay-color":"","overlay-opacity":"","overlay-gradient":""},"mobile":{"background-color":"","background-image":"","background-repeat":"repeat","background-position":"center center","background-size":"auto","background-attachment":"scroll","background-type":"","background-media":"","overlay-type":"","overlay-color":"","overlay-opacity":"","overlay-gradient":""}},"ast-content-background-meta":{"desktop":{"background-color":"var(--ast-global-color-5)","background-image":"","background-repeat":"repeat","background-position":"center center","background-size":"auto","background-attachment":"scroll","background-type":"","background-media":"","overlay-type":"","overlay-color":"","overlay-opacity":"","overlay-gradient":""},"tablet":{"background-color":"var(--ast-global-color-5)","background-image":"","background-repeat":"repeat","background-position":"center center","background-size":"auto","background-attachment":"scroll","background-type":"","background-media":"","overlay-type":"","overlay-color":"","overlay-opacity":"","overlay-gradient":""},"mobile":{"background-color":"var(--ast-global-color-5)","background-image":"","background-repeat":"repeat","background-position":"center center","background-size":"auto","background-attachment":"scroll","background-type":"","background-media":"","overlay-type":"","overlay-color":"","overlay-opacity":"","overlay-gradient":""}},"footnotes":""},"categories":[],"tags":[],"class_list":["post-1495","page","type-page","status-publish","hentry"],"_links":{"self":[{"href":"https:\/\/www.telemedicine.fi\/en\/wp-json\/wp\/v2\/pages\/1495","targetHints":{"allow":["GET"]}}],"collection":[{"href":"https:\/\/www.telemedicine.fi\/en\/wp-json\/wp\/v2\/pages"}],"about":[{"href":"https:\/\/www.telemedicine.fi\/en\/wp-json\/wp\/v2\/types\/page"}],"author":[{"embeddable":true,"href":"https:\/\/www.telemedicine.fi\/en\/wp-json\/wp\/v2\/users\/6"}],"replies":[{"embeddable":true,"href":"https:\/\/www.telemedicine.fi\/en\/wp-json\/wp\/v2\/comments?post=1495"}],"version-history":[{"count":31,"href":"https:\/\/www.telemedicine.fi\/en\/wp-json\/wp\/v2\/pages\/1495\/revisions"}],"predecessor-version":[{"id":3832,"href":"https:\/\/www.telemedicine.fi\/en\/wp-json\/wp\/v2\/pages\/1495\/revisions\/3832"}],"wp:attachment":[{"href":"https:\/\/www.telemedicine.fi\/en\/wp-json\/wp\/v2\/media?parent=1495"}],"wp:term":[{"taxonomy":"category","embeddable":true,"href":"https:\/\/www.telemedicine.fi\/en\/wp-json\/wp\/v2\/categories?post=1495"},{"taxonomy":"post_tag","embeddable":true,"href":"https:\/\/www.telemedicine.fi\/en\/wp-json\/wp\/v2\/tags?post=1495"}],"curies":[{"name":"wp","href":"https:\/\/api.w.org\/{rel}","templated":true}]}}